{"id":236,"date":"2019-06-08T17:02:39","date_gmt":"2019-06-08T17:02:39","guid":{"rendered":"http:\/\/drchicascirujanoplastico.com\/?page_id=236"},"modified":"2024-09-27T16:35:28","modified_gmt":"2024-09-27T16:35:28","slug":"turismo","status":"publish","type":"page","link":"https:\/\/drchicascirujanoplastico.com\/en\/turismo\/","title":{"rendered":"Tourism"},"content":{"rendered":"<div data-elementor-type=\"wp-post\" data-elementor-id=\"236\" class=\"elementor elementor-236\">\n\t\t\t\t\t\t<section class=\"elementor-section elementor-top-section elementor-element elementor-element-130c2476 elementor-section-height-min-height elementor-section-boxed elementor-section-height-default elementor-section-items-middle\" data-id=\"130c2476\" data-element_type=\"section\" data-e-type=\"section\" data-settings=\"{&quot;background_background&quot;:&quot;classic&quot;,&quot;shape_divider_bottom&quot;:&quot;arrow&quot;,&quot;shape_divider_bottom_negative&quot;:&quot;yes&quot;}\">\n\t\t\t\t\t\t\t<div class=\"elementor-background-overlay\"><\/div>\n\t\t\t\t\t\t<div class=\"elementor-shape elementor-shape-bottom\" aria-hidden=\"true\" data-negative=\"true\">\n\t\t\t<svg xmlns=\"http:\/\/www.w3.org\/2000\/svg\" viewbox=\"0 0 700 10\" preserveaspectratio=\"none\">\n\t<path class=\"elementor-shape-fill\" d=\"M360 0L350 9.9 340 0 0 0 0 10 700 10 700 0\"\/>\n<\/svg>\t\t<\/div>\n\t\t\t\t\t<div class=\"elementor-container elementor-column-gap-default\">\n\t\t\t\t\t<div class=\"elementor-column elementor-col-100 elementor-top-column elementor-element elementor-element-239a539\" data-id=\"239a539\" data-element_type=\"column\" data-e-type=\"column\">\n\t\t\t<div class=\"elementor-widget-wrap\">\n\t\t\t\t\t\t\t<\/div>\n\t\t<\/div>\n\t\t\t\t\t<\/div>\n\t\t<\/section>\n\t\t\t\t<section class=\"elementor-section elementor-top-section elementor-element elementor-element-132593ec elementor-section-content-middle elementor-section-boxed elementor-section-height-default elementor-section-height-default\" data-id=\"132593ec\" data-element_type=\"section\" data-e-type=\"section\" data-settings=\"{&quot;background_background&quot;:&quot;classic&quot;}\">\n\t\t\t\t\t\t<div class=\"elementor-container elementor-column-gap-default\">\n\t\t\t\t\t<div class=\"elementor-column elementor-col-50 elementor-top-column elementor-element elementor-element-1939890c\" data-id=\"1939890c\" data-element_type=\"column\" data-e-type=\"column\">\n\t\t\t<div class=\"elementor-widget-wrap elementor-element-populated\">\n\t\t\t\t\t\t<div class=\"elementor-element elementor-element-311811b2 elementor-widget elementor-widget-heading\" data-id=\"311811b2\" data-element_type=\"widget\" data-e-type=\"widget\" data-widget_type=\"heading.default\">\n\t\t\t\t<div class=\"elementor-widget-container\">\n\t\t\t\t\t<h3 class=\"elementor-heading-title elementor-size-default\">Guatemala a world to discover<\/h3>\t\t\t\t<\/div>\n\t\t\t\t<\/div>\n\t\t\t\t\t<\/div>\n\t\t<\/div>\n\t\t\t\t<div class=\"elementor-column elementor-col-50 elementor-top-column elementor-element elementor-element-20e50f65\" data-id=\"20e50f65\" data-element_type=\"column\" data-e-type=\"column\">\n\t\t\t<div class=\"elementor-widget-wrap elementor-element-populated\">\n\t\t\t\t\t\t<div class=\"elementor-element elementor-element-8ab26a7 elementor-align-right elementor-mobile-align-center elementor-widget elementor-widget-button\" data-id=\"8ab26a7\" data-element_type=\"widget\" data-e-type=\"widget\" data-widget_type=\"button.default\">\n\t\t\t\t<div class=\"elementor-widget-container\">\n\t\t\t\t\t\t\t\t\t<div class=\"elementor-button-wrapper\">\n\t\t\t\t\t<a class=\"elementor-button elementor-button-link elementor-size-lg\" href=\"http:\/\/www.inguat.gob.gt\" target=\"_blank\" rel=\"noopener\">\n\t\t\t\t\t\t<span class=\"elementor-button-content-wrapper\">\n\t\t\t\t\t\t<span class=\"elementor-button-icon\">\n\t\t\t\t\t\t\t\t\t<i class=\"fa fa-angle-double-right\" aria-hidden=\"true\"><\/i>\n\t\t\t\t\t\t\t<\/span>\n\t\t\t\t\t\t\t\t\t<span class=\"elementor-button-text\">Con\u00f3cela<\/span>\n\t\t\t\t\t<\/span>\n\t\t\t\t\t<\/a>\n\t\t\t\t<\/div>\n\t\t\t\t\t\t\t\t<\/div>\n\t\t\t\t<\/div>\n\t\t\t\t\t<\/div>\n\t\t<\/div>\n\t\t\t\t\t<\/div>\n\t\t<\/section>\n\t\t\t\t<section class=\"elementor-section elementor-top-section elementor-element elementor-element-4cd4679b elementor-section-content-middle elementor-reverse-mobile elementor-section-boxed elementor-section-height-default elementor-section-height-default\" data-id=\"4cd4679b\" data-element_type=\"section\" data-e-type=\"section\">\n\t\t\t\t\t\t<div class=\"elementor-container elementor-column-gap-default\">\n\t\t\t\t\t<div class=\"elementor-column elementor-col-50 elementor-top-column elementor-element elementor-element-2cfe76ab\" data-id=\"2cfe76ab\" data-element_type=\"column\" data-e-type=\"column\">\n\t\t\t<div class=\"elementor-widget-wrap elementor-element-populated\">\n\t\t\t\t\t\t<div class=\"elementor-element elementor-element-17f18f57 elementor-widget elementor-widget-heading\" data-id=\"17f18f57\" data-element_type=\"widget\" data-e-type=\"widget\" data-widget_type=\"heading.default\">\n\t\t\t\t<div class=\"elementor-widget-container\">\n\t\t\t\t\t<h3 class=\"elementor-heading-title elementor-size-default\">ESQUIPULAS<\/h3>\t\t\t\t<\/div>\n\t\t\t\t<\/div>\n\t\t\t\t<div class=\"elementor-element elementor-element-15d27740 elementor-widget elementor-widget-text-editor\" data-id=\"15d27740\" data-element_type=\"widget\" data-e-type=\"widget\" data-widget_type=\"text-editor.default\">\n\t\t\t\t<div class=\"elementor-widget-container\">\n\t\t\t\t\t\t\t\t\t<p>\u00a0Es un\u00a0municipio\u00a0que forma parte del departamento de\u00a0Chiquimula, ubicado en el centro-este del oriente de la\u00a0Rep\u00fablica de Guatemala,\u00a0 La ciudad se ha caracterizado por ser uno de los lugares de peregrinaje cat\u00f3lico m\u00e1s importantes de\u00a0Am\u00e9rica Latina, ya que en ella se encuentra la\u00a0bas\u00edlica de Esquipulas, hogar del\u00a0Cristo Negro.<\/p>\t\t\t\t\t\t\t\t<\/div>\n\t\t\t\t<\/div>\n\t\t\t\t\t<\/div>\n\t\t<\/div>\n\t\t\t\t<div class=\"elementor-column elementor-col-50 elementor-top-column elementor-element elementor-element-79f21047\" data-id=\"79f21047\" data-element_type=\"column\" data-e-type=\"column\">\n\t\t\t<div class=\"elementor-widget-wrap elementor-element-populated\">\n\t\t\t\t\t\t<div class=\"elementor-element elementor-element-18b6678e elementor-widget elementor-widget-image\" data-id=\"18b6678e\" data-element_type=\"widget\" data-e-type=\"widget\" data-widget_type=\"image.default\">\n\t\t\t\t<div class=\"elementor-widget-container\">\n\t\t\t\t\t\t\t\t\t\t\t\t\t\t\t<img fetchpriority=\"high\" decoding=\"async\" width=\"2048\" height=\"1536\" src=\"https:\/\/drchicascirujanoplastico.com\/wp-content\/uploads\/2019\/06\/esquipulas.jpg\" class=\"attachment-full size-full wp-image-239\" alt=\"\" srcset=\"https:\/\/drchicascirujanoplastico.com\/wp-content\/uploads\/2019\/06\/esquipulas.jpg 2048w, https:\/\/drchicascirujanoplastico.com\/wp-content\/uploads\/2019\/06\/esquipulas-300x225.jpg 300w, https:\/\/drchicascirujanoplastico.com\/wp-content\/uploads\/2019\/06\/esquipulas-768x576.jpg 768w, https:\/\/drchicascirujanoplastico.com\/wp-content\/uploads\/2019\/06\/esquipulas-1024x768.jpg 1024w\" sizes=\"(max-width: 2048px) 100vw, 2048px\" \/>\t\t\t\t\t\t\t\t\t\t\t\t\t\t\t<\/div>\n\t\t\t\t<\/div>\n\t\t\t\t\t<\/div>\n\t\t<\/div>\n\t\t\t\t\t<\/div>\n\t\t<\/section>\n\t\t\t\t<section class=\"elementor-section elementor-top-section elementor-element elementor-element-470809fa elementor-section-content-middle elementor-section-boxed elementor-section-height-default elementor-section-height-default\" data-id=\"470809fa\" data-element_type=\"section\" data-e-type=\"section\">\n\t\t\t\t\t\t<div class=\"elementor-container elementor-column-gap-default\">\n\t\t\t\t\t<div class=\"elementor-column elementor-col-50 elementor-top-column elementor-element elementor-element-fd9199b\" data-id=\"fd9199b\" data-element_type=\"column\" data-e-type=\"column\">\n\t\t\t<div class=\"elementor-widget-wrap elementor-element-populated\">\n\t\t\t\t\t\t<div class=\"elementor-element elementor-element-40fda48 elementor-widget elementor-widget-image\" data-id=\"40fda48\" data-element_type=\"widget\" data-e-type=\"widget\" data-widget_type=\"image.default\">\n\t\t\t\t<div class=\"elementor-widget-container\">\n\t\t\t\t\t\t\t\t\t\t\t\t\t\t\t<img decoding=\"async\" width=\"3000\" height=\"2027\" src=\"https:\/\/drchicascirujanoplastico.com\/wp-content\/uploads\/2019\/06\/antigua.jpg\" class=\"attachment-full size-full wp-image-240\" alt=\"\" srcset=\"https:\/\/drchicascirujanoplastico.com\/wp-content\/uploads\/2019\/06\/antigua.jpg 3000w, https:\/\/drchicascirujanoplastico.com\/wp-content\/uploads\/2019\/06\/antigua-300x203.jpg 300w, https:\/\/drchicascirujanoplastico.com\/wp-content\/uploads\/2019\/06\/antigua-768x519.jpg 768w, https:\/\/drchicascirujanoplastico.com\/wp-content\/uploads\/2019\/06\/antigua-1024x692.jpg 1024w\" sizes=\"(max-width: 3000px) 100vw, 3000px\" \/>\t\t\t\t\t\t\t\t\t\t\t\t\t\t\t<\/div>\n\t\t\t\t<\/div>\n\t\t\t\t\t<\/div>\n\t\t<\/div>\n\t\t\t\t<div class=\"elementor-column elementor-col-50 elementor-top-column elementor-element elementor-element-4c1f23bd\" data-id=\"4c1f23bd\" data-element_type=\"column\" data-e-type=\"column\">\n\t\t\t<div class=\"elementor-widget-wrap elementor-element-populated\">\n\t\t\t\t\t\t<div class=\"elementor-element elementor-element-580f8b30 elementor-widget elementor-widget-heading\" data-id=\"580f8b30\" data-element_type=\"widget\" data-e-type=\"widget\" data-widget_type=\"heading.default\">\n\t\t\t\t<div class=\"elementor-widget-container\">\n\t\t\t\t\t<h3 class=\"elementor-heading-title elementor-size-default\">Antigua Guatemala<\/h3>\t\t\t\t<\/div>\n\t\t\t\t<\/div>\n\t\t\t\t<div class=\"elementor-element elementor-element-70732a96 elementor-widget elementor-widget-text-editor\" data-id=\"70732a96\" data-element_type=\"widget\" data-e-type=\"widget\" data-widget_type=\"text-editor.default\">\n\t\t\t\t<div class=\"elementor-widget-container\">\n\t\t\t\t\t\t\t\t\t<p>Es un importante destino tur\u00edstico guatemalteco por su bien preservada\u00a0 arquitectura barroca espa\u00f1ola con fachadas barrocas del Nuevo Mundo, as\u00ed como un gran n\u00famero de ruinas de iglesias cat\u00f3licas.<\/p><p>Ha obtenido diferentes reconocimientos Como:<\/p><ul><li><b><i><span lang=\"ES-GT\">Monumento Nacional<\/span><\/i><\/b><\/li><li><b><i><span lang=\"ES-GT\">Ciudad Monumento de Am\u00e9rica<\/span><\/i><\/b><\/li><li><b><i><span lang=\"ES-GT\">Patrimonio Cultural de la Humanidad<\/span><\/i><\/b><\/li><\/ul>\t\t\t\t\t\t\t\t<\/div>\n\t\t\t\t<\/div>\n\t\t\t\t\t<\/div>\n\t\t<\/div>\n\t\t\t\t\t<\/div>\n\t\t<\/section>\n\t\t\t\t<section class=\"elementor-section elementor-top-section elementor-element elementor-element-49a7ea9e elementor-section-content-middle elementor-reverse-mobile elementor-section-boxed elementor-section-height-default elementor-section-height-default\" data-id=\"49a7ea9e\" data-element_type=\"section\" data-e-type=\"section\">\n\t\t\t\t\t\t<div class=\"elementor-container elementor-column-gap-default\">\n\t\t\t\t\t<div class=\"elementor-column elementor-col-50 elementor-top-column elementor-element elementor-element-5d323f60\" data-id=\"5d323f60\" data-element_type=\"column\" data-e-type=\"column\">\n\t\t\t<div class=\"elementor-widget-wrap elementor-element-populated\">\n\t\t\t\t\t\t<div class=\"elementor-element elementor-element-7338497d elementor-widget elementor-widget-heading\" data-id=\"7338497d\" data-element_type=\"widget\" data-e-type=\"widget\" data-widget_type=\"heading.default\">\n\t\t\t\t<div class=\"elementor-widget-container\">\n\t\t\t\t\t<h3 class=\"elementor-heading-title elementor-size-default\">Izabal<\/h3>\t\t\t\t<\/div>\n\t\t\t\t<\/div>\n\t\t\t\t<div class=\"elementor-element elementor-element-641ac6ed elementor-widget elementor-widget-text-editor\" data-id=\"641ac6ed\" data-element_type=\"widget\" data-e-type=\"widget\" data-widget_type=\"text-editor.default\">\n\t\t\t\t<div class=\"elementor-widget-container\">\n\t\t\t\t\t\t\t\t\t<p>Izabal\u00a0est\u00e1 situado en la regi\u00f3n Nor-Oriental de\u00a0Guatemala y cuenta con diversos atractivos tur\u00edsticos.<\/p><p>Como atractivo arqueol\u00f3gico se encuentra\u00a0Quirigu\u00e1, sitio arqueol\u00f3gico de singular importancia en\u00a0Guatemala. <br \/>Posee las estelas m\u00e1s altas de la civilizaci\u00f3n\u00a0Maya.<br \/>El\u00a0Castillo de San Felipe de Lara, construido en\u00a01652\u00a0en honor al Oidor Antonio Lara y Mangravo, se encuentra situado en el municipio de\u00a0Livingston, ubicado en el lugar en que el R\u00edo Dulce sale del Lago de Izabal.<br \/>Como atractivos naturales,\u00a0R\u00edo Dulce\u00a0es considerado como uno de los lugares m\u00e1s bellos de la Rep\u00fablica, por su majestuosidad y belleza que impresionan.<\/p>\t\t\t\t\t\t\t\t<\/div>\n\t\t\t\t<\/div>\n\t\t\t\t<div class=\"elementor-element elementor-element-447c7e2c elementor-align-left elementor-mobile-align-center elementor-widget elementor-widget-button\" data-id=\"447c7e2c\" data-element_type=\"widget\" data-e-type=\"widget\" data-widget_type=\"button.default\">\n\t\t\t\t<div class=\"elementor-widget-container\">\n\t\t\t\t\t\t\t\t\t<div class=\"elementor-button-wrapper\">\n\t\t\t\t\t<a class=\"elementor-button elementor-button-link elementor-size-md\" href=\"#\">\n\t\t\t\t\t\t<span class=\"elementor-button-content-wrapper\">\n\t\t\t\t\t\t<span class=\"elementor-button-icon\">\n\t\t\t\t<i aria-hidden=\"true\" class=\"fas fa-angle-double-right\"><\/i>\t\t\t<\/span>\n\t\t\t\t\t\t\t\t\t<span class=\"elementor-button-text\">Saber m\u00e1s<\/span>\n\t\t\t\t\t<\/span>\n\t\t\t\t\t<\/a>\n\t\t\t\t<\/div>\n\t\t\t\t\t\t\t\t<\/div>\n\t\t\t\t<\/div>\n\t\t\t\t\t<\/div>\n\t\t<\/div>\n\t\t\t\t<div class=\"elementor-column elementor-col-50 elementor-top-column elementor-element elementor-element-3e1dfb12\" data-id=\"3e1dfb12\" data-element_type=\"column\" data-e-type=\"column\">\n\t\t\t<div class=\"elementor-widget-wrap elementor-element-populated\">\n\t\t\t\t\t\t<div class=\"elementor-element elementor-element-ceeba0d elementor-widget elementor-widget-image\" data-id=\"ceeba0d\" data-element_type=\"widget\" data-e-type=\"widget\" data-widget_type=\"image.default\">\n\t\t\t\t<div class=\"elementor-widget-container\">\n\t\t\t\t\t\t\t\t\t\t\t\t\t\t\t<img decoding=\"async\" width=\"1024\" height=\"763\" src=\"https:\/\/drchicascirujanoplastico.com\/wp-content\/uploads\/2019\/06\/izabal-1024x763.png\" class=\"attachment-large size-large wp-image-241\" alt=\"\" srcset=\"https:\/\/drchicascirujanoplastico.com\/wp-content\/uploads\/2019\/06\/izabal-1024x763.png 1024w, https:\/\/drchicascirujanoplastico.com\/wp-content\/uploads\/2019\/06\/izabal-300x224.png 300w, https:\/\/drchicascirujanoplastico.com\/wp-content\/uploads\/2019\/06\/izabal-768x573.png 768w, https:\/\/drchicascirujanoplastico.com\/wp-content\/uploads\/2019\/06\/izabal.png 1878w\" sizes=\"(max-width: 1024px) 100vw, 1024px\" \/>\t\t\t\t\t\t\t\t\t\t\t\t\t\t\t<\/div>\n\t\t\t\t<\/div>\n\t\t\t\t\t<\/div>\n\t\t<\/div>\n\t\t\t\t\t<\/div>\n\t\t<\/section>\n\t\t\t\t<section class=\"elementor-section elementor-top-section elementor-element elementor-element-9dd6bf5 elementor-section-content-middle elementor-section-boxed elementor-section-height-default elementor-section-height-default\" data-id=\"9dd6bf5\" data-element_type=\"section\" data-e-type=\"section\">\n\t\t\t\t\t\t<div class=\"elementor-container elementor-column-gap-default\">\n\t\t\t\t\t<div class=\"elementor-column elementor-col-50 elementor-top-column elementor-element elementor-element-bb9fcc6\" data-id=\"bb9fcc6\" data-element_type=\"column\" data-e-type=\"column\">\n\t\t\t<div class=\"elementor-widget-wrap elementor-element-populated\">\n\t\t\t\t\t\t<div class=\"elementor-element elementor-element-e14dc18 elementor-widget elementor-widget-image\" data-id=\"e14dc18\" data-element_type=\"widget\" data-e-type=\"widget\" data-widget_type=\"image.default\">\n\t\t\t\t<div class=\"elementor-widget-container\">\n\t\t\t\t\t\t\t\t\t\t\t\t\t\t\t<img loading=\"lazy\" decoding=\"async\" width=\"700\" height=\"425\" src=\"https:\/\/drchicascirujanoplastico.com\/wp-content\/uploads\/2019\/06\/Los-grandes-monumentos-de-piedra-de-Tikal.jpg\" class=\"attachment-full size-full wp-image-244\" alt=\"\" srcset=\"https:\/\/drchicascirujanoplastico.com\/wp-content\/uploads\/2019\/06\/Los-grandes-monumentos-de-piedra-de-Tikal.jpg 700w, https:\/\/drchicascirujanoplastico.com\/wp-content\/uploads\/2019\/06\/Los-grandes-monumentos-de-piedra-de-Tikal-300x182.jpg 300w\" sizes=\"(max-width: 700px) 100vw, 700px\" \/>\t\t\t\t\t\t\t\t\t\t\t\t\t\t\t<\/div>\n\t\t\t\t<\/div>\n\t\t\t\t\t<\/div>\n\t\t<\/div>\n\t\t\t\t<div class=\"elementor-column elementor-col-50 elementor-top-column elementor-element elementor-element-00440eb\" data-id=\"00440eb\" data-element_type=\"column\" data-e-type=\"column\">\n\t\t\t<div class=\"elementor-widget-wrap elementor-element-populated\">\n\t\t\t\t\t\t<div class=\"elementor-element elementor-element-f6db5e2 elementor-widget elementor-widget-heading\" data-id=\"f6db5e2\" data-element_type=\"widget\" data-e-type=\"widget\" data-widget_type=\"heading.default\">\n\t\t\t\t<div class=\"elementor-widget-container\">\n\t\t\t\t\t<h3 class=\"elementor-heading-title elementor-size-default\">Pet\u00e9n<\/h3>\t\t\t\t<\/div>\n\t\t\t\t<\/div>\n\t\t\t\t<div class=\"elementor-element elementor-element-39c6b59 elementor-widget elementor-widget-text-editor\" data-id=\"39c6b59\" data-element_type=\"widget\" data-e-type=\"widget\" data-widget_type=\"text-editor.default\">\n\t\t\t\t<div class=\"elementor-widget-container\">\n\t\t\t\t\t\t\t\t\t<p>Es un\u00a0departamento\u00a0de\u00a0Guatemala\u00a0situado en el extremo\u00a0septentrional\u00a0del pa\u00eds. Cuenta con un gran n\u00famero de lugares turisticos inlcuyendo Tikal, el citio arqueol\u00f3gico m\u00e1s importante del pais, Tambien podemos destacar las Cuevas de Naj Tunich, situadas al sureste de Popt\u00fan, en la aldea La compuerta, que seg\u00fan las creencias fue un sitio sagrado de los mayas en el per\u00edodo cl\u00e1sico tard\u00edo.<\/p>\t\t\t\t\t\t\t\t<\/div>\n\t\t\t\t<\/div>\n\t\t\t\t\t<\/div>\n\t\t<\/div>\n\t\t\t\t\t<\/div>\n\t\t<\/section>\n\t\t\t\t<section class=\"elementor-section elementor-top-section elementor-element elementor-element-2df5d75a elementor-section-content-middle elementor-section-boxed elementor-section-height-default elementor-section-height-default\" data-id=\"2df5d75a\" data-element_type=\"section\" data-e-type=\"section\" data-settings=\"{&quot;background_background&quot;:&quot;classic&quot;}\">\n\t\t\t\t\t\t<div class=\"elementor-container elementor-column-gap-default\">\n\t\t\t\t\t<div class=\"elementor-column elementor-col-50 elementor-top-column elementor-element elementor-element-76397f85\" data-id=\"76397f85\" data-element_type=\"column\" data-e-type=\"column\">\n\t\t\t<div class=\"elementor-widget-wrap elementor-element-populated\">\n\t\t\t\t\t\t<div class=\"elementor-element elementor-element-472f84fa elementor-widget elementor-widget-heading\" data-id=\"472f84fa\" data-element_type=\"widget\" data-e-type=\"widget\" data-widget_type=\"heading.default\">\n\t\t\t\t<div class=\"elementor-widget-container\">\n\t\t\t\t\t<h3 class=\"elementor-heading-title elementor-size-default\">Guatemala the country of eternal spring<\/h3>\t\t\t\t<\/div>\n\t\t\t\t<\/div>\n\t\t\t\t\t<\/div>\n\t\t<\/div>\n\t\t\t\t<div class=\"elementor-column elementor-col-50 elementor-top-column elementor-element elementor-element-43efe52c\" data-id=\"43efe52c\" data-element_type=\"column\" data-e-type=\"column\">\n\t\t\t<div class=\"elementor-widget-wrap elementor-element-populated\">\n\t\t\t\t\t\t<div class=\"elementor-element elementor-element-2225429a elementor-align-right elementor-mobile-align-center elementor-widget elementor-widget-button\" data-id=\"2225429a\" data-element_type=\"widget\" data-e-type=\"widget\" data-widget_type=\"button.default\">\n\t\t\t\t<div class=\"elementor-widget-container\">\n\t\t\t\t\t\t\t\t\t<div class=\"elementor-button-wrapper\">\n\t\t\t\t\t<a class=\"elementor-button elementor-button-link elementor-size-lg\" href=\"#\">\n\t\t\t\t\t\t<span class=\"elementor-button-content-wrapper\">\n\t\t\t\t\t\t<span class=\"elementor-button-icon\">\n\t\t\t\t<i aria-hidden=\"true\" class=\"fas fa-angle-double-right\"><\/i>\t\t\t<\/span>\n\t\t\t\t\t\t\t\t\t<span class=\"elementor-button-text\">Book A Room<\/span>\n\t\t\t\t\t<\/span>\n\t\t\t\t\t<\/a>\n\t\t\t\t<\/div>\n\t\t\t\t\t\t\t\t<\/div>\n\t\t\t\t<\/div>\n\t\t\t\t\t<\/div>\n\t\t<\/div>\n\t\t\t\t\t<\/div>\n\t\t<\/section>\n\t\t\t\t<\/div>","protected":false},"excerpt":{"rendered":"<p>Guatemala un mundo por descubrir Con\u00f3cela ESQUIPULAS \u00a0Es un\u00a0municipio\u00a0que forma parte del departamento de\u00a0Chiquimula, ubicado en el centro-este del oriente de la\u00a0Rep\u00fablica de Guatemala,\u00a0 La ciudad se ha caracterizado por ser uno de los lugares de peregrinaje cat\u00f3lico m\u00e1s importantes de\u00a0Am\u00e9rica Latina, ya que en ella se encuentra la\u00a0bas\u00edlica de Esquipulas, hogar del\u00a0Cristo Negro. Antigua&hellip;&nbsp;<a href=\"https:\/\/drchicascirujanoplastico.com\/en\/turismo\/\" class=\"\" rel=\"bookmark\">Read More &raquo;<span class=\"screen-reader-text\">Tourism<\/span><\/a><\/p>","protected":false},"author":1,"featured_media":0,"parent":0,"menu_order":0,"comment_status":"closed","ping_status":"closed","template":"","meta":{"_monsterinsights_skip_tracking":false,"_monsterinsights_sitenote_active":false,"_monsterinsights_sitenote_note":"","_monsterinsights_sitenote_category":0,"neve_meta_sidebar":"","neve_meta_container":"","neve_meta_enable_content_width":"","neve_meta_content_width":0,"neve_meta_title_alignment":"","neve_meta_author_avatar":"","neve_post_elements_order":"","neve_meta_disable_header":"","neve_meta_disable_footer":"","neve_meta_disable_title":"","footnotes":""},"class_list":["post-236","page","type-page","status-publish","hentry"],"_links":{"self":[{"href":"https:\/\/drchicascirujanoplastico.com\/en\/wp-json\/wp\/v2\/pages\/236","targetHints":{"allow":["GET"]}}],"collection":[{"href":"https:\/\/drchicascirujanoplastico.com\/en\/wp-json\/wp\/v2\/pages"}],"about":[{"href":"https:\/\/drchicascirujanoplastico.com\/en\/wp-json\/wp\/v2\/types\/page"}],"author":[{"embeddable":true,"href":"https:\/\/drchicascirujanoplastico.com\/en\/wp-json\/wp\/v2\/users\/1"}],"replies":[{"embeddable":true,"href":"https:\/\/drchicascirujanoplastico.com\/en\/wp-json\/wp\/v2\/comments?post=236"}],"version-history":[{"count":12,"href":"https:\/\/drchicascirujanoplastico.com\/en\/wp-json\/wp\/v2\/pages\/236\/revisions"}],"predecessor-version":[{"id":1392,"href":"https:\/\/drchicascirujanoplastico.com\/en\/wp-json\/wp\/v2\/pages\/236\/revisions\/1392"}],"wp:attachment":[{"href":"https:\/\/drchicascirujanoplastico.com\/en\/wp-json\/wp\/v2\/media?parent=236"}],"curies":[{"name":"wp","href":"https:\/\/api.w.org\/{rel}","templated":true}]}}