{"id":1535,"date":"2025-08-12T21:10:39","date_gmt":"2025-08-12T21:10:39","guid":{"rendered":"https:\/\/drchicascirujanoplastico.com\/?page_id=1535"},"modified":"2025-08-13T14:46:23","modified_gmt":"2025-08-13T14:46:23","slug":"casa-de-recuperacion","status":"publish","type":"page","link":"https:\/\/drchicascirujanoplastico.com\/en\/casa-de-recuperacion\/","title":{"rendered":"Casa de recuperaci\u00f3n"},"content":{"rendered":"<div data-elementor-type=\"wp-page\" data-elementor-id=\"1535\" class=\"elementor elementor-1535\">\n\t\t\t\t\t\t<section class=\"elementor-section elementor-top-section elementor-element elementor-element-105114e9 elementor-section-content-middle elementor-section-boxed elementor-section-height-default elementor-section-height-default\" data-id=\"105114e9\" data-element_type=\"section\" data-e-type=\"section\" data-settings=\"{&quot;background_background&quot;:&quot;classic&quot;}\">\n\t\t\t\t\t\t\t<div class=\"elementor-background-overlay\"><\/div>\n\t\t\t\t\t\t\t<div class=\"elementor-container elementor-column-gap-no\">\n\t\t\t\t\t<div class=\"elementor-column elementor-col-50 elementor-top-column elementor-element elementor-element-6ddeae7f\" data-id=\"6ddeae7f\" data-element_type=\"column\" data-e-type=\"column\">\n\t\t\t<div class=\"elementor-widget-wrap elementor-element-populated\">\n\t\t\t\t\t\t<div class=\"elementor-element elementor-element-767a6091 elementor-widget__width-initial elementor-invisible elementor-widget elementor-widget-heading\" data-id=\"767a6091\" data-element_type=\"widget\" data-e-type=\"widget\" data-settings=\"{&quot;_animation&quot;:&quot;fadeInLeft&quot;}\" data-widget_type=\"heading.default\">\n\t\t\t\t<div class=\"elementor-widget-container\">\n\t\t\t\t\t<h1 class=\"elementor-heading-title elementor-size-default\">Casa de Repuperaci\u00f3n<\/h1>\t\t\t\t<\/div>\n\t\t\t\t<\/div>\n\t\t\t\t<div class=\"elementor-element elementor-element-3014dba2 elementor-widget__width-initial elementor-invisible elementor-widget elementor-widget-heading\" data-id=\"3014dba2\" data-element_type=\"widget\" data-e-type=\"widget\" data-settings=\"{&quot;_animation&quot;:&quot;fadeInLeft&quot;}\" data-widget_type=\"heading.default\">\n\t\t\t\t<div class=\"elementor-widget-container\">\n\t\t\t\t\t<h2 class=\"elementor-heading-title elementor-size-default\">En nuestra Casa de Recuperaci\u00f3n le brindamos un ambiente exclusivo, seguro y acogedor, dise\u00f1ado especialmente para pacientes que han pasado por cirug\u00eda pl\u00e1stica. Contamos con instalaciones modernas, equipo especializado y personal altamente capacitado que combina profesionalismo y calidez humana.<\/h2>\t\t\t\t<\/div>\n\t\t\t\t<\/div>\n\t\t\t\t\t<\/div>\n\t\t<\/div>\n\t\t\t\t<div class=\"elementor-column elementor-col-50 elementor-top-column elementor-element elementor-element-1489f393\" data-id=\"1489f393\" data-element_type=\"column\" data-e-type=\"column\">\n\t\t\t<div class=\"elementor-widget-wrap elementor-element-populated\">\n\t\t\t\t\t\t<div class=\"elementor-element elementor-element-60b81af elementor-widget elementor-widget-image\" data-id=\"60b81af\" data-element_type=\"widget\" data-e-type=\"widget\" data-widget_type=\"image.default\">\n\t\t\t\t<div class=\"elementor-widget-container\">\n\t\t\t\t\t\t\t\t\t\t\t\t\t\t\t<img fetchpriority=\"high\" decoding=\"async\" width=\"1024\" height=\"472\" src=\"https:\/\/drchicascirujanoplastico.com\/wp-content\/uploads\/2025\/08\/WhatsApp-Image-2025-08-12-at-2.40.34-PM-1-1024x472.jpeg\" class=\"attachment-large size-large wp-image-1526\" alt=\"\" srcset=\"https:\/\/drchicascirujanoplastico.com\/wp-content\/uploads\/2025\/08\/WhatsApp-Image-2025-08-12-at-2.40.34-PM-1-1024x472.jpeg 1024w, https:\/\/drchicascirujanoplastico.com\/wp-content\/uploads\/2025\/08\/WhatsApp-Image-2025-08-12-at-2.40.34-PM-1-300x138.jpeg 300w, https:\/\/drchicascirujanoplastico.com\/wp-content\/uploads\/2025\/08\/WhatsApp-Image-2025-08-12-at-2.40.34-PM-1-768x354.jpeg 768w, https:\/\/drchicascirujanoplastico.com\/wp-content\/uploads\/2025\/08\/WhatsApp-Image-2025-08-12-at-2.40.34-PM-1-1536x708.jpeg 1536w, https:\/\/drchicascirujanoplastico.com\/wp-content\/uploads\/2025\/08\/WhatsApp-Image-2025-08-12-at-2.40.34-PM-1-18x8.jpeg 18w, https:\/\/drchicascirujanoplastico.com\/wp-content\/uploads\/2025\/08\/WhatsApp-Image-2025-08-12-at-2.40.34-PM-1.jpeg 1600w\" sizes=\"(max-width: 1024px) 100vw, 1024px\" \/>\t\t\t\t\t\t\t\t\t\t\t\t\t\t\t<\/div>\n\t\t\t\t<\/div>\n\t\t\t\t\t<\/div>\n\t\t<\/div>\n\t\t\t\t\t<\/div>\n\t\t<\/section>\n\t\t\t\t<section class=\"elementor-section elementor-top-section elementor-element elementor-element-a088d6f elementor-section-boxed elementor-section-height-default elementor-section-height-default\" data-id=\"a088d6f\" data-element_type=\"section\" data-e-type=\"section\">\n\t\t\t\t\t\t<div class=\"elementor-container elementor-column-gap-default\">\n\t\t\t\t\t<div class=\"elementor-column elementor-col-100 elementor-top-column elementor-element elementor-element-12d5042\" data-id=\"12d5042\" data-element_type=\"column\" data-e-type=\"column\">\n\t\t\t<div class=\"elementor-widget-wrap elementor-element-populated\">\n\t\t\t\t\t\t<div class=\"elementor-element elementor-element-7819da0 elementor-widget__width-initial elementor-widget elementor-widget-video\" data-id=\"7819da0\" data-element_type=\"widget\" data-e-type=\"widget\" data-settings=\"{&quot;video_type&quot;:&quot;hosted&quot;,&quot;mute&quot;:&quot;yes&quot;,&quot;controls&quot;:&quot;yes&quot;}\" data-widget_type=\"video.default\">\n\t\t\t\t<div class=\"elementor-widget-container\">\n\t\t\t\t\t\t\t<div class=\"e-hosted-video elementor-wrapper elementor-open-inline\">\n\t\t\t\t\t<video class=\"elementor-video\" src=\"https:\/\/drchicascirujanoplastico.com\/wp-content\/uploads\/2025\/08\/20250812_105820.mp4\" controls=\"\" preload=\"metadata\" muted=\"muted\" controlslist=\"nodownload\"><\/video>\n\t\t\t\t<\/div>\n\t\t\t\t\t\t<\/div>\n\t\t\t\t<\/div>\n\t\t\t\t\t<\/div>\n\t\t<\/div>\n\t\t\t\t\t<\/div>\n\t\t<\/section>\n\t\t\t\t<section class=\"elementor-section elementor-top-section elementor-element elementor-element-bcad015 elementor-section-boxed elementor-section-height-default elementor-section-height-default\" data-id=\"bcad015\" data-element_type=\"section\" data-e-type=\"section\">\n\t\t\t\t\t\t<div class=\"elementor-container elementor-column-gap-default\">\n\t\t\t\t\t<div class=\"elementor-column elementor-col-100 elementor-top-column elementor-element elementor-element-e9990af\" data-id=\"e9990af\" data-element_type=\"column\" data-e-type=\"column\">\n\t\t\t<div class=\"elementor-widget-wrap elementor-element-populated\">\n\t\t\t\t\t\t<div class=\"elementor-element elementor-element-29caf38 elementor-widget elementor-widget-spacer\" data-id=\"29caf38\" data-element_type=\"widget\" data-e-type=\"widget\" data-widget_type=\"spacer.default\">\n\t\t\t\t<div class=\"elementor-widget-container\">\n\t\t\t\t\t\t\t<div class=\"elementor-spacer\">\n\t\t\t<div class=\"elementor-spacer-inner\"><\/div>\n\t\t<\/div>\n\t\t\t\t\t\t<\/div>\n\t\t\t\t<\/div>\n\t\t\t\t\t<\/div>\n\t\t<\/div>\n\t\t\t\t\t<\/div>\n\t\t<\/section>\n\t\t\t\t<section class=\"elementor-section elementor-top-section elementor-element elementor-element-6c8a9444 elementor-section-boxed elementor-section-height-default elementor-section-height-default\" data-id=\"6c8a9444\" data-element_type=\"section\" data-e-type=\"section\" id=\"info_section\">\n\t\t\t\t\t\t<div class=\"elementor-container elementor-column-gap-default\">\n\t\t\t\t\t<div class=\"elementor-column elementor-col-50 elementor-top-column elementor-element elementor-element-1721315\" data-id=\"1721315\" data-element_type=\"column\" data-e-type=\"column\">\n\t\t\t<div class=\"elementor-widget-wrap elementor-element-populated\">\n\t\t\t\t\t\t<div class=\"elementor-element elementor-element-22cf8412 animated-slow elementor-invisible elementor-widget elementor-widget-image\" data-id=\"22cf8412\" data-element_type=\"widget\" data-e-type=\"widget\" data-settings=\"{&quot;_animation&quot;:&quot;fadeInUp&quot;,&quot;_animation_delay&quot;:400}\" data-widget_type=\"image.default\">\n\t\t\t\t<div class=\"elementor-widget-container\">\n\t\t\t\t\t\t\t\t\t\t\t\t\t\t\t<img decoding=\"async\" width=\"2560\" height=\"1413\" src=\"https:\/\/drchicascirujanoplastico.com\/wp-content\/uploads\/2025\/08\/20250812_105338-1-scaled.jpg\" class=\"attachment-full size-full wp-image-1561\" alt=\"\" srcset=\"https:\/\/drchicascirujanoplastico.com\/wp-content\/uploads\/2025\/08\/20250812_105338-1-scaled.jpg 2560w, https:\/\/drchicascirujanoplastico.com\/wp-content\/uploads\/2025\/08\/20250812_105338-1-300x166.jpg 300w, https:\/\/drchicascirujanoplastico.com\/wp-content\/uploads\/2025\/08\/20250812_105338-1-1024x565.jpg 1024w, https:\/\/drchicascirujanoplastico.com\/wp-content\/uploads\/2025\/08\/20250812_105338-1-768x424.jpg 768w, https:\/\/drchicascirujanoplastico.com\/wp-content\/uploads\/2025\/08\/20250812_105338-1-1536x848.jpg 1536w, https:\/\/drchicascirujanoplastico.com\/wp-content\/uploads\/2025\/08\/20250812_105338-1-2048x1131.jpg 2048w, https:\/\/drchicascirujanoplastico.com\/wp-content\/uploads\/2025\/08\/20250812_105338-1-18x10.jpg 18w\" sizes=\"(max-width: 2560px) 100vw, 2560px\" \/>\t\t\t\t\t\t\t\t\t\t\t\t\t\t\t<\/div>\n\t\t\t\t<\/div>\n\t\t\t\t<div class=\"elementor-element elementor-element-63073953 animated-slow elementor-invisible elementor-widget elementor-widget-image\" data-id=\"63073953\" data-element_type=\"widget\" data-e-type=\"widget\" data-settings=\"{&quot;_animation&quot;:&quot;fadeInUp&quot;,&quot;_animation_delay&quot;:600}\" data-widget_type=\"image.default\">\n\t\t\t\t<div class=\"elementor-widget-container\">\n\t\t\t\t\t\t\t\t\t\t\t\t\t\t\t<img decoding=\"async\" width=\"2460\" height=\"1504\" src=\"https:\/\/drchicascirujanoplastico.com\/wp-content\/uploads\/2025\/08\/dooj.jpg\" class=\"attachment-full size-full wp-image-1562\" alt=\"\" srcset=\"https:\/\/drchicascirujanoplastico.com\/wp-content\/uploads\/2025\/08\/dooj.jpg 2460w, https:\/\/drchicascirujanoplastico.com\/wp-content\/uploads\/2025\/08\/dooj-300x183.jpg 300w, https:\/\/drchicascirujanoplastico.com\/wp-content\/uploads\/2025\/08\/dooj-1024x626.jpg 1024w, https:\/\/drchicascirujanoplastico.com\/wp-content\/uploads\/2025\/08\/dooj-768x470.jpg 768w, https:\/\/drchicascirujanoplastico.com\/wp-content\/uploads\/2025\/08\/dooj-1536x939.jpg 1536w, https:\/\/drchicascirujanoplastico.com\/wp-content\/uploads\/2025\/08\/dooj-2048x1252.jpg 2048w, https:\/\/drchicascirujanoplastico.com\/wp-content\/uploads\/2025\/08\/dooj-18x12.jpg 18w\" sizes=\"(max-width: 2460px) 100vw, 2460px\" \/>\t\t\t\t\t\t\t\t\t\t\t\t\t\t\t<\/div>\n\t\t\t\t<\/div>\n\t\t\t\t\t<\/div>\n\t\t<\/div>\n\t\t\t\t<div class=\"elementor-column elementor-col-50 elementor-top-column elementor-element elementor-element-4b0c8258\" data-id=\"4b0c8258\" data-element_type=\"column\" data-e-type=\"column\">\n\t\t\t<div class=\"elementor-widget-wrap elementor-element-populated\">\n\t\t\t\t\t\t<div class=\"elementor-element elementor-element-6254f4e2 elementor-widget-tablet__width-initial elementor-widget-mobile__width-initial elementor-widget elementor-widget-heading\" data-id=\"6254f4e2\" data-element_type=\"widget\" data-e-type=\"widget\" data-widget_type=\"heading.default\">\n\t\t\t\t<div class=\"elementor-widget-container\">\n\t\t\t\t\t<h2 class=\"elementor-heading-title elementor-size-default\">Donde la salud y el cuidado se unen<\/h2>\t\t\t\t<\/div>\n\t\t\t\t<\/div>\n\t\t\t\t<div class=\"elementor-element elementor-element-704c78a elementor-widget__width-initial elementor-invisible elementor-widget elementor-widget-heading\" data-id=\"704c78a\" data-element_type=\"widget\" data-e-type=\"widget\" data-settings=\"{&quot;_animation&quot;:&quot;fadeInLeft&quot;}\" data-widget_type=\"heading.default\">\n\t\t\t\t<div class=\"elementor-widget-container\">\n\t\t\t\t\t<h2 class=\"elementor-heading-title elementor-size-default\">Nuestro compromiso es ofrecer cuidados personalizados que hagan su recuperaci\u00f3n m\u00e1s c\u00f3moda, r\u00e1pida y \u00f3ptima, acompa\u00f1\u00e1ndole en cada paso para que su \u00fanica tarea sea descansar, sanar y sentirse bien.<\/h2>\t\t\t\t<\/div>\n\t\t\t\t<\/div>\n\t\t\t\t<div class=\"elementor-element elementor-element-b84d1f4 elementor-widget__width-initial elementor-invisible elementor-widget elementor-widget-heading\" data-id=\"b84d1f4\" data-element_type=\"widget\" data-e-type=\"widget\" data-settings=\"{&quot;_animation&quot;:&quot;fadeInLeft&quot;}\" data-widget_type=\"heading.default\">\n\t\t\t\t<div class=\"elementor-widget-container\">\n\t\t\t\t\t<h2 class=\"elementor-heading-title elementor-size-default\">Ofrecemos servicio de hospedaje en habitaciones privadas, dise\u00f1adas para su confort, con ba\u00f1o propio, aire acondicionado, televisi\u00f3n y acceso a internet. Ponemos a su disposici\u00f3n terapias complementarias que favorecen su recuperaci\u00f3n, as\u00ed como atenci\u00f3n de enfermer\u00eda profesional, alimentaci\u00f3n balanceada, servicio de lavander\u00eda y todos los cuidados necesarios para que su estad\u00eda sea segura, tranquila y placentera.<\/h2>\t\t\t\t<\/div>\n\t\t\t\t<\/div>\n\t\t\t\t\t<\/div>\n\t\t<\/div>\n\t\t\t\t\t<\/div>\n\t\t<\/section>\n\t\t\t\t<section class=\"elementor-section elementor-top-section elementor-element elementor-element-79aa8b6 elementor-section-height-min-height elementor-section-boxed elementor-section-height-default elementor-section-items-middle elementor-invisible\" data-id=\"79aa8b6\" data-element_type=\"section\" data-e-type=\"section\" data-settings=\"{&quot;background_background&quot;:&quot;classic&quot;,&quot;animation&quot;:&quot;fadeInLeft&quot;}\">\n\t\t\t\t\t\t<div class=\"elementor-container elementor-column-gap-default\">\n\t\t\t\t\t<div class=\"elementor-column elementor-col-33 elementor-top-column elementor-element elementor-element-18b1ef2\" data-id=\"18b1ef2\" data-element_type=\"column\" data-e-type=\"column\">\n\t\t\t<div class=\"elementor-widget-wrap elementor-element-populated\">\n\t\t\t\t\t\t<div class=\"elementor-element elementor-element-c2a5513 e-transform elementor-widget elementor-widget-image\" data-id=\"c2a5513\" data-element_type=\"widget\" data-e-type=\"widget\" data-settings=\"{&quot;_transform_scale_effect_hover&quot;:{&quot;unit&quot;:&quot;px&quot;,&quot;size&quot;:1.1,&quot;sizes&quot;:[]},&quot;_transform_scale_effect_hover_tablet&quot;:{&quot;unit&quot;:&quot;px&quot;,&quot;size&quot;:&quot;&quot;,&quot;sizes&quot;:[]},&quot;_transform_scale_effect_hover_mobile&quot;:{&quot;unit&quot;:&quot;px&quot;,&quot;size&quot;:&quot;&quot;,&quot;sizes&quot;:[]}}\" data-widget_type=\"image.default\">\n\t\t\t\t<div class=\"elementor-widget-container\">\n\t\t\t\t\t\t\t\t\t\t\t\t\t\t\t<img loading=\"lazy\" decoding=\"async\" width=\"1024\" height=\"472\" src=\"https:\/\/drchicascirujanoplastico.com\/wp-content\/uploads\/2025\/08\/20250812_105814-1024x472.jpg\" class=\"attachment-large size-large wp-image-1567\" alt=\"\" srcset=\"https:\/\/drchicascirujanoplastico.com\/wp-content\/uploads\/2025\/08\/20250812_105814-1024x472.jpg 1024w, https:\/\/drchicascirujanoplastico.com\/wp-content\/uploads\/2025\/08\/20250812_105814-300x138.jpg 300w, https:\/\/drchicascirujanoplastico.com\/wp-content\/uploads\/2025\/08\/20250812_105814-768x354.jpg 768w, https:\/\/drchicascirujanoplastico.com\/wp-content\/uploads\/2025\/08\/20250812_105814-1536x708.jpg 1536w, https:\/\/drchicascirujanoplastico.com\/wp-content\/uploads\/2025\/08\/20250812_105814-2048x944.jpg 2048w, https:\/\/drchicascirujanoplastico.com\/wp-content\/uploads\/2025\/08\/20250812_105814-18x8.jpg 18w\" sizes=\"(max-width: 1024px) 100vw, 1024px\" \/>\t\t\t\t\t\t\t\t\t\t\t\t\t\t\t<\/div>\n\t\t\t\t<\/div>\n\t\t\t\t\t<\/div>\n\t\t<\/div>\n\t\t\t\t<div class=\"elementor-column elementor-col-33 elementor-top-column elementor-element elementor-element-4a2387c\" data-id=\"4a2387c\" data-element_type=\"column\" data-e-type=\"column\">\n\t\t\t<div class=\"elementor-widget-wrap elementor-element-populated\">\n\t\t\t\t\t\t<div class=\"elementor-element elementor-element-8867a15 e-transform elementor-widget elementor-widget-image\" data-id=\"8867a15\" data-element_type=\"widget\" data-e-type=\"widget\" data-settings=\"{&quot;_transform_scale_effect_hover&quot;:{&quot;unit&quot;:&quot;px&quot;,&quot;size&quot;:1.2,&quot;sizes&quot;:[]},&quot;_transform_scale_effect_hover_tablet&quot;:{&quot;unit&quot;:&quot;px&quot;,&quot;size&quot;:&quot;&quot;,&quot;sizes&quot;:[]},&quot;_transform_scale_effect_hover_mobile&quot;:{&quot;unit&quot;:&quot;px&quot;,&quot;size&quot;:&quot;&quot;,&quot;sizes&quot;:[]}}\" data-widget_type=\"image.default\">\n\t\t\t\t<div class=\"elementor-widget-container\">\n\t\t\t\t\t\t\t\t\t\t\t\t\t\t\t<img loading=\"lazy\" decoding=\"async\" width=\"1024\" height=\"472\" src=\"https:\/\/drchicascirujanoplastico.com\/wp-content\/uploads\/2025\/08\/20250812_105254-1024x472.jpg\" class=\"attachment-large size-large wp-image-1568\" alt=\"\" srcset=\"https:\/\/drchicascirujanoplastico.com\/wp-content\/uploads\/2025\/08\/20250812_105254-1024x472.jpg 1024w, https:\/\/drchicascirujanoplastico.com\/wp-content\/uploads\/2025\/08\/20250812_105254-300x138.jpg 300w, https:\/\/drchicascirujanoplastico.com\/wp-content\/uploads\/2025\/08\/20250812_105254-768x354.jpg 768w, https:\/\/drchicascirujanoplastico.com\/wp-content\/uploads\/2025\/08\/20250812_105254-1536x708.jpg 1536w, https:\/\/drchicascirujanoplastico.com\/wp-content\/uploads\/2025\/08\/20250812_105254-2048x944.jpg 2048w, https:\/\/drchicascirujanoplastico.com\/wp-content\/uploads\/2025\/08\/20250812_105254-18x8.jpg 18w\" sizes=\"(max-width: 1024px) 100vw, 1024px\" \/>\t\t\t\t\t\t\t\t\t\t\t\t\t\t\t<\/div>\n\t\t\t\t<\/div>\n\t\t\t\t\t<\/div>\n\t\t<\/div>\n\t\t\t\t<div class=\"elementor-column elementor-col-33 elementor-top-column elementor-element elementor-element-e299284\" data-id=\"e299284\" data-element_type=\"column\" data-e-type=\"column\">\n\t\t\t<div class=\"elementor-widget-wrap elementor-element-populated\">\n\t\t\t\t\t\t<div class=\"elementor-element elementor-element-0be78ea e-transform e-transform elementor-widget elementor-widget-image\" data-id=\"0be78ea\" data-element_type=\"widget\" data-e-type=\"widget\" data-settings=\"{&quot;_transform_scale_effect_hover&quot;:{&quot;unit&quot;:&quot;px&quot;,&quot;size&quot;:1.2,&quot;sizes&quot;:[]},&quot;_transform_scale_effect_hover_tablet&quot;:{&quot;unit&quot;:&quot;px&quot;,&quot;size&quot;:&quot;&quot;,&quot;sizes&quot;:[]},&quot;_transform_scale_effect_hover_mobile&quot;:{&quot;unit&quot;:&quot;px&quot;,&quot;size&quot;:&quot;&quot;,&quot;sizes&quot;:[]},&quot;_transform_skewX_effect_hover&quot;:{&quot;unit&quot;:&quot;px&quot;,&quot;size&quot;:&quot;&quot;,&quot;sizes&quot;:[]},&quot;_transform_skewX_effect_hover_tablet&quot;:{&quot;unit&quot;:&quot;deg&quot;,&quot;size&quot;:&quot;&quot;,&quot;sizes&quot;:[]},&quot;_transform_skewX_effect_hover_mobile&quot;:{&quot;unit&quot;:&quot;deg&quot;,&quot;size&quot;:&quot;&quot;,&quot;sizes&quot;:[]},&quot;_transform_skewY_effect_hover&quot;:{&quot;unit&quot;:&quot;px&quot;,&quot;size&quot;:&quot;&quot;,&quot;sizes&quot;:[]},&quot;_transform_skewY_effect_hover_tablet&quot;:{&quot;unit&quot;:&quot;deg&quot;,&quot;size&quot;:&quot;&quot;,&quot;sizes&quot;:[]},&quot;_transform_skewY_effect_hover_mobile&quot;:{&quot;unit&quot;:&quot;deg&quot;,&quot;size&quot;:&quot;&quot;,&quot;sizes&quot;:[]}}\" data-widget_type=\"image.default\">\n\t\t\t\t<div class=\"elementor-widget-container\">\n\t\t\t\t\t\t\t\t\t\t\t\t\t\t\t<img loading=\"lazy\" decoding=\"async\" width=\"1024\" height=\"472\" src=\"https:\/\/drchicascirujanoplastico.com\/wp-content\/uploads\/2025\/08\/20250812_105345-1024x472.jpg\" class=\"attachment-large size-large wp-image-1569\" alt=\"\" srcset=\"https:\/\/drchicascirujanoplastico.com\/wp-content\/uploads\/2025\/08\/20250812_105345-1024x472.jpg 1024w, https:\/\/drchicascirujanoplastico.com\/wp-content\/uploads\/2025\/08\/20250812_105345-300x138.jpg 300w, https:\/\/drchicascirujanoplastico.com\/wp-content\/uploads\/2025\/08\/20250812_105345-768x354.jpg 768w, https:\/\/drchicascirujanoplastico.com\/wp-content\/uploads\/2025\/08\/20250812_105345-1536x708.jpg 1536w, https:\/\/drchicascirujanoplastico.com\/wp-content\/uploads\/2025\/08\/20250812_105345-2048x944.jpg 2048w, https:\/\/drchicascirujanoplastico.com\/wp-content\/uploads\/2025\/08\/20250812_105345-18x8.jpg 18w\" sizes=\"(max-width: 1024px) 100vw, 1024px\" \/>\t\t\t\t\t\t\t\t\t\t\t\t\t\t\t<\/div>\n\t\t\t\t<\/div>\n\t\t\t\t\t<\/div>\n\t\t<\/div>\n\t\t\t\t\t<\/div>\n\t\t<\/section>\n\t\t\t\t<\/div>","protected":false},"excerpt":{"rendered":"<p>Casa de Repuperaci\u00f3n En nuestra Casa de Recuperaci\u00f3n le brindamos un ambiente exclusivo, seguro y acogedor, dise\u00f1ado especialmente para pacientes que han pasado por cirug\u00eda pl\u00e1stica. Contamos con instalaciones modernas, equipo especializado y personal altamente capacitado que combina profesionalismo y calidez humana. https:\/\/drchicascirujanoplastico.com\/wp-content\/uploads\/2025\/08\/20250812_105820.mp4 Donde la salud y el cuidado se unen Nuestro compromiso es ofrecer&hellip;&nbsp;<a href=\"https:\/\/drchicascirujanoplastico.com\/en\/casa-de-recuperacion\/\" class=\"\" rel=\"bookmark\">Read More &raquo;<span class=\"screen-reader-text\">Casa de recuperaci\u00f3n<\/span><\/a><\/p>","protected":false},"author":1,"featured_media":0,"parent":0,"menu_order":0,"comment_status":"closed","ping_status":"closed","template":"elementor_header_footer","meta":{"_monsterinsights_skip_tracking":false,"_monsterinsights_sitenote_active":false,"_monsterinsights_sitenote_note":"","_monsterinsights_sitenote_category":0,"neve_meta_sidebar":"","neve_meta_container":"","neve_meta_enable_content_width":"","neve_meta_content_width":0,"neve_meta_title_alignment":"","neve_meta_author_avatar":"","neve_post_elements_order":"","neve_meta_disable_header":"","neve_meta_disable_footer":"","neve_meta_disable_title":"","footnotes":""},"class_list":["post-1535","page","type-page","status-publish","hentry"],"_links":{"self":[{"href":"https:\/\/drchicascirujanoplastico.com\/en\/wp-json\/wp\/v2\/pages\/1535","targetHints":{"allow":["GET"]}}],"collection":[{"href":"https:\/\/drchicascirujanoplastico.com\/en\/wp-json\/wp\/v2\/pages"}],"about":[{"href":"https:\/\/drchicascirujanoplastico.com\/en\/wp-json\/wp\/v2\/types\/page"}],"author":[{"embeddable":true,"href":"https:\/\/drchicascirujanoplastico.com\/en\/wp-json\/wp\/v2\/users\/1"}],"replies":[{"embeddable":true,"href":"https:\/\/drchicascirujanoplastico.com\/en\/wp-json\/wp\/v2\/comments?post=1535"}],"version-history":[{"count":28,"href":"https:\/\/drchicascirujanoplastico.com\/en\/wp-json\/wp\/v2\/pages\/1535\/revisions"}],"predecessor-version":[{"id":1582,"href":"https:\/\/drchicascirujanoplastico.com\/en\/wp-json\/wp\/v2\/pages\/1535\/revisions\/1582"}],"wp:attachment":[{"href":"https:\/\/drchicascirujanoplastico.com\/en\/wp-json\/wp\/v2\/media?parent=1535"}],"curies":[{"name":"wp","href":"https:\/\/api.w.org\/{rel}","templated":true}]}}