{"id":214,"date":"2019-06-06T22:16:34","date_gmt":"2019-06-06T22:16:34","guid":{"rendered":"http:\/\/drchicascirujanoplastico.com\/?page_id=214"},"modified":"2019-06-12T00:28:37","modified_gmt":"2019-06-12T00:28:37","slug":"procedimientos-no-quirurgicos","status":"publish","type":"page","link":"http:\/\/drchicascirujanoplastico.com\/en\/procedimientos-no-quirurgicos\/","title":{"rendered":"Non-Surgical Procedures"},"content":{"rendered":"<div data-elementor-type=\"wp-post\" data-elementor-id=\"214\" class=\"elementor elementor-214\">\n\t\t\t\t\t\t<section class=\"elementor-section elementor-top-section elementor-element elementor-element-9a3116d elementor-section-full_width elementor-section-height-default elementor-section-height-default\" data-id=\"9a3116d\" data-element_type=\"section\" data-e-type=\"section\">\n\t\t\t\t\t\t<div class=\"elementor-container elementor-column-gap-default\">\n\t\t\t\t\t<div class=\"elementor-column elementor-col-100 elementor-top-column elementor-element elementor-element-23f2edd\" data-id=\"23f2edd\" data-element_type=\"column\" data-e-type=\"column\">\n\t\t\t<div class=\"elementor-widget-wrap elementor-element-populated\">\n\t\t\t\t\t\t<div class=\"elementor-element elementor-element-8d75406 elementor-widget elementor-widget-shortcode\" data-id=\"8d75406\" data-element_type=\"widget\" data-e-type=\"widget\" data-widget_type=\"shortcode.default\">\n\t\t\t\t<div class=\"elementor-widget-container\">\n\t\t\t\t\t\t\t<div class=\"elementor-shortcode\"><div class=\"pt-cv-wrapper\"><div class=\"pt-cv-view pt-cv-grid pt-cv-colsys\" id=\"pt-cv-view-637a593x78\"><div data-id=\"pt-cv-page-1\" class=\"pt-cv-page\" data-cvc=\"1\"><div class=\"col-md-12 col-sm-12 col-xs-12 pt-cv-content-item pt-cv-2-col\" ><div class='pt-cv-ifield'><a href=\"http:\/\/drchicascirujanoplastico.com\/en\/2019\/06\/13\/pb-serum-smooth\/\" class=\"_self pt-cv-href-thumbnail pt-cv-thumb-left\" target=\"_self\" ><img fetchpriority=\"high\" decoding=\"async\" width=\"300\" height=\"300\" src=\"https:\/\/drchicascirujanoplastico.com\/wp-content\/uploads\/2019\/06\/WhatsApp-Image-2019-06-13-at-17.04.43.jpeg\" class=\"pt-cv-thumbnail pull-left\" alt=\"\" srcset=\"https:\/\/drchicascirujanoplastico.com\/wp-content\/uploads\/2019\/06\/WhatsApp-Image-2019-06-13-at-17.04.43.jpeg 300w, https:\/\/drchicascirujanoplastico.com\/wp-content\/uploads\/2019\/06\/WhatsApp-Image-2019-06-13-at-17.04.43-150x150.jpeg 150w\" sizes=\"(max-width: 300px) 100vw, 300px\" \/><\/a>\n<h4 class=\"pt-cv-title\"><a href=\"http:\/\/drchicascirujanoplastico.com\/en\/2019\/06\/13\/pb-serum-smooth\/\" class=\"_self\" target=\"_self\" >PB SERUM SMOOTH<\/a><\/h4>\n<div class=\"pt-cv-content\">Reduce visiblemente en un solo paso la piel de naranja y la celulitis fibrosa en menos de una semana. Con ...<br \/><div class=\"pt-cv-rmwrap\"><a href=\"http:\/\/drchicascirujanoplastico.com\/en\/2019\/06\/13\/pb-serum-smooth\/\" class=\"_self pt-cv-readmore btn btn-success\" target=\"_self\">Leer M\u00e1s<\/a><\/div><\/div><\/div><\/div>\n<div class=\"col-md-12 col-sm-12 col-xs-12 pt-cv-content-item pt-cv-2-col\" ><div class='pt-cv-ifield'><a href=\"http:\/\/drchicascirujanoplastico.com\/en\/2019\/06\/13\/plasma-rico-en-plaquetas\/\" class=\"_self pt-cv-href-thumbnail pt-cv-thumb-left\" target=\"_self\" ><img decoding=\"async\" width=\"300\" height=\"273\" src=\"https:\/\/drchicascirujanoplastico.com\/wp-content\/uploads\/2019\/06\/plasma-rico-en-plaquetas-300x273-300x273.png\" class=\"pt-cv-thumbnail pull-left\" alt=\"\" \/><\/a>\n<h4 class=\"pt-cv-title\"><a href=\"http:\/\/drchicascirujanoplastico.com\/en\/2019\/06\/13\/plasma-rico-en-plaquetas\/\" class=\"_self\" target=\"_self\" >PLASMA RICO EN PLAQUETAS<\/a><\/h4>\n<div class=\"pt-cv-content\">Es un tratamiento est\u00e9tico que promueve la regeneraci\u00f3n celular para conseguir una piel m\u00e1s luminosa y tersa, con mejor textura, ...<br \/><div class=\"pt-cv-rmwrap\"><a href=\"http:\/\/drchicascirujanoplastico.com\/en\/2019\/06\/13\/plasma-rico-en-plaquetas\/\" class=\"_self pt-cv-readmore btn btn-success\" target=\"_self\">Leer M\u00e1s<\/a><\/div><\/div><\/div><\/div>\n<div class=\"col-md-12 col-sm-12 col-xs-12 pt-cv-content-item pt-cv-2-col\" ><div class='pt-cv-ifield'><a href=\"http:\/\/drchicascirujanoplastico.com\/en\/2019\/06\/06\/peeling\/\" class=\"_self pt-cv-href-thumbnail pt-cv-thumb-left\" target=\"_self\" ><img decoding=\"async\" width=\"300\" height=\"204\" src=\"https:\/\/drchicascirujanoplastico.com\/wp-content\/uploads\/2019\/06\/peeling-300x204.jpg\" class=\"pt-cv-thumbnail pull-left\" alt=\"\" srcset=\"https:\/\/drchicascirujanoplastico.com\/wp-content\/uploads\/2019\/06\/peeling-300x204.jpg 300w, https:\/\/drchicascirujanoplastico.com\/wp-content\/uploads\/2019\/06\/peeling.jpg 600w\" sizes=\"(max-width: 300px) 100vw, 300px\" \/><\/a>\n<h4 class=\"pt-cv-title\"><a href=\"http:\/\/drchicascirujanoplastico.com\/en\/2019\/06\/06\/peeling\/\" class=\"_self\" target=\"_self\" >PEELING<\/a><\/h4>\n<div class=\"pt-cv-content\">Este es un tratamiento cosm\u00e9tico que sirve para regenerar la piel mediante el desprendimiento de c\u00e9lulas muertas ...<br \/><div class=\"pt-cv-rmwrap\"><a href=\"http:\/\/drchicascirujanoplastico.com\/en\/2019\/06\/06\/peeling\/\" class=\"_self pt-cv-readmore btn btn-success\" target=\"_self\">Leer M\u00e1s<\/a><\/div><\/div><\/div><\/div>\n<div class=\"col-md-12 col-sm-12 col-xs-12 pt-cv-content-item pt-cv-2-col\" ><div class='pt-cv-ifield'><a href=\"http:\/\/drchicascirujanoplastico.com\/en\/2019\/06\/06\/toxina-botulinica\/\" class=\"_self pt-cv-href-thumbnail pt-cv-thumb-left\" target=\"_self\" ><img loading=\"lazy\" decoding=\"async\" width=\"300\" height=\"266\" src=\"https:\/\/drchicascirujanoplastico.com\/wp-content\/uploads\/2019\/06\/Toxina_botulinica-300x266.jpg\" class=\"pt-cv-thumbnail pull-left\" alt=\"\" srcset=\"https:\/\/drchicascirujanoplastico.com\/wp-content\/uploads\/2019\/06\/Toxina_botulinica-300x266.jpg 300w, https:\/\/drchicascirujanoplastico.com\/wp-content\/uploads\/2019\/06\/Toxina_botulinica.jpg 554w\" sizes=\"(max-width: 300px) 100vw, 300px\" \/><\/a>\n<h4 class=\"pt-cv-title\"><a href=\"http:\/\/drchicascirujanoplastico.com\/en\/2019\/06\/06\/toxina-botulinica\/\" class=\"_self\" target=\"_self\" >BOTULINUM TOXIN<\/a><\/h4>\n<div class=\"pt-cv-content\">Es una prote\u00edna natural purificada que relaja los m\u00fasculos faciales. Se inyecta en peque\u00f1\u00edsimas dosis donde existen arrugas de expresi\u00f3n, ...<br \/><div class=\"pt-cv-rmwrap\"><a href=\"http:\/\/drchicascirujanoplastico.com\/en\/2019\/06\/06\/toxina-botulinica\/\" class=\"_self pt-cv-readmore btn btn-success\" target=\"_self\">Leer M\u00e1s<\/a><\/div><\/div><\/div><\/div>\n<div class=\"col-md-12 col-sm-12 col-xs-12 pt-cv-content-item pt-cv-2-col\" ><div class='pt-cv-ifield'><a href=\"http:\/\/drchicascirujanoplastico.com\/en\/2019\/06\/06\/rejuvenecimiento-facial\/\" class=\"_self pt-cv-href-thumbnail pt-cv-thumb-left\" target=\"_self\" ><img loading=\"lazy\" decoding=\"async\" width=\"300\" height=\"300\" src=\"https:\/\/drchicascirujanoplastico.com\/wp-content\/uploads\/2019\/06\/998-300x300.png\" class=\"pt-cv-thumbnail pull-left\" alt=\"\" srcset=\"https:\/\/drchicascirujanoplastico.com\/wp-content\/uploads\/2019\/06\/998-300x300.png 300w, https:\/\/drchicascirujanoplastico.com\/wp-content\/uploads\/2019\/06\/998-150x150.png 150w, https:\/\/drchicascirujanoplastico.com\/wp-content\/uploads\/2019\/06\/998-768x765.png 768w, https:\/\/drchicascirujanoplastico.com\/wp-content\/uploads\/2019\/06\/998.png 908w\" sizes=\"(max-width: 300px) 100vw, 300px\" \/><\/a>\n<h4 class=\"pt-cv-title\"><a href=\"http:\/\/drchicascirujanoplastico.com\/en\/2019\/06\/06\/rejuvenecimiento-facial\/\" class=\"_self\" target=\"_self\" >REJUVENECIMIENTO FACIAL<\/a><\/h4>\n<div class=\"pt-cv-content\">Es un procedimiento est\u00e9tico o de medicina pr\u00e1ctica que restaura la apariencia juvenil en la cara de una persona. Este ...<br \/><div class=\"pt-cv-rmwrap\"><a href=\"http:\/\/drchicascirujanoplastico.com\/en\/2019\/06\/06\/rejuvenecimiento-facial\/\" class=\"_self pt-cv-readmore btn btn-success\" target=\"_self\">Leer M\u00e1s<\/a><\/div><\/div><\/div><\/div><\/div><\/div><\/div><\/div>\n\t\t\t\t\t\t<\/div>\n\t\t\t\t<\/div>\n\t\t\t\t\t<\/div>\n\t\t<\/div>\n\t\t\t\t\t<\/div>\n\t\t<\/section>\n\t\t\t\t<section class=\"elementor-section elementor-top-section elementor-element elementor-element-7bbce2d elementor-section-content-middle elementor-reverse-mobile elementor-section-boxed elementor-section-height-default elementor-section-height-default\" data-id=\"7bbce2d\" data-element_type=\"section\" data-e-type=\"section\" data-settings=\"{&quot;background_background&quot;:&quot;classic&quot;}\">\n\t\t\t\t\t\t<div class=\"elementor-container elementor-column-gap-no\">\n\t\t\t\t\t<div class=\"elementor-column elementor-col-50 elementor-top-column elementor-element elementor-element-704aca0\" data-id=\"704aca0\" data-element_type=\"column\" data-e-type=\"column\">\n\t\t\t<div class=\"elementor-widget-wrap elementor-element-populated\">\n\t\t\t\t\t\t<div class=\"elementor-element elementor-element-b3a3532 elementor-widget elementor-widget-heading\" data-id=\"b3a3532\" data-element_type=\"widget\" data-e-type=\"widget\" data-widget_type=\"heading.default\">\n\t\t\t\t<div class=\"elementor-widget-container\">\n\t\t\t\t\t<h3 class=\"elementor-heading-title elementor-size-default\">Piel Sana, rostro perfecto<\/h3>\t\t\t\t<\/div>\n\t\t\t\t<\/div>\n\t\t\t\t<div class=\"elementor-element elementor-element-c58dec4 elementor-widget elementor-widget-text-editor\" data-id=\"c58dec4\" data-element_type=\"widget\" data-e-type=\"widget\" data-widget_type=\"text-editor.default\">\n\t\t\t\t<div class=\"elementor-widget-container\">\n\t\t\t\t\t\t\t\t\t<p>Diferentes tratamientos est\u00e9ticos para todas las edades.<\/p>\t\t\t\t\t\t\t\t<\/div>\n\t\t\t\t<\/div>\n\t\t\t\t\t<\/div>\n\t\t<\/div>\n\t\t\t\t<div class=\"elementor-column elementor-col-50 elementor-top-column elementor-element elementor-element-e66ead2\" data-id=\"e66ead2\" data-element_type=\"column\" data-e-type=\"column\">\n\t\t\t<div class=\"elementor-widget-wrap elementor-element-populated\">\n\t\t\t\t\t\t<div class=\"elementor-element elementor-element-9840157 elementor-widget elementor-widget-image\" data-id=\"9840157\" data-element_type=\"widget\" data-e-type=\"widget\" data-widget_type=\"image.default\">\n\t\t\t\t<div class=\"elementor-widget-container\">\n\t\t\t\t\t\t\t\t\t\t\t\t\t\t\t<img loading=\"lazy\" decoding=\"async\" width=\"1024\" height=\"768\" src=\"https:\/\/drchicascirujanoplastico.com\/wp-content\/uploads\/2019\/06\/mesofacial2.jpg\" class=\"attachment-full size-full wp-image-274\" alt=\"\" srcset=\"https:\/\/drchicascirujanoplastico.com\/wp-content\/uploads\/2019\/06\/mesofacial2.jpg 1024w, https:\/\/drchicascirujanoplastico.com\/wp-content\/uploads\/2019\/06\/mesofacial2-300x225.jpg 300w, https:\/\/drchicascirujanoplastico.com\/wp-content\/uploads\/2019\/06\/mesofacial2-768x576.jpg 768w\" sizes=\"(max-width: 1024px) 100vw, 1024px\" \/>\t\t\t\t\t\t\t\t\t\t\t\t\t\t\t<\/div>\n\t\t\t\t<\/div>\n\t\t\t\t\t<\/div>\n\t\t<\/div>\n\t\t\t\t\t<\/div>\n\t\t<\/section>\n\t\t\t\t<\/div>","protected":false},"excerpt":{"rendered":"<p>Piel Sana, rostro perfecto Diferentes tratamientos est\u00e9ticos para todas las edades.<\/p>","protected":false},"author":1,"featured_media":0,"parent":0,"menu_order":0,"comment_status":"closed","ping_status":"closed","template":"","meta":{"_monsterinsights_skip_tracking":false,"_monsterinsights_sitenote_active":false,"_monsterinsights_sitenote_note":"","_monsterinsights_sitenote_category":0,"neve_meta_sidebar":"","neve_meta_container":"","neve_meta_enable_content_width":"","neve_meta_content_width":0,"neve_meta_title_alignment":"","neve_meta_author_avatar":"","neve_post_elements_order":"","neve_meta_disable_header":"","neve_meta_disable_footer":"","neve_meta_disable_title":"","footnotes":""},"class_list":["post-214","page","type-page","status-publish","hentry"],"_links":{"self":[{"href":"http:\/\/drchicascirujanoplastico.com\/en\/wp-json\/wp\/v2\/pages\/214","targetHints":{"allow":["GET"]}}],"collection":[{"href":"http:\/\/drchicascirujanoplastico.com\/en\/wp-json\/wp\/v2\/pages"}],"about":[{"href":"http:\/\/drchicascirujanoplastico.com\/en\/wp-json\/wp\/v2\/types\/page"}],"author":[{"embeddable":true,"href":"http:\/\/drchicascirujanoplastico.com\/en\/wp-json\/wp\/v2\/users\/1"}],"replies":[{"embeddable":true,"href":"http:\/\/drchicascirujanoplastico.com\/en\/wp-json\/wp\/v2\/comments?post=214"}],"version-history":[{"count":4,"href":"http:\/\/drchicascirujanoplastico.com\/en\/wp-json\/wp\/v2\/pages\/214\/revisions"}],"predecessor-version":[{"id":275,"href":"http:\/\/drchicascirujanoplastico.com\/en\/wp-json\/wp\/v2\/pages\/214\/revisions\/275"}],"wp:attachment":[{"href":"http:\/\/drchicascirujanoplastico.com\/en\/wp-json\/wp\/v2\/media?parent=214"}],"curies":[{"name":"wp","href":"https:\/\/api.w.org\/{rel}","templated":true}]}}