{"id":196,"date":"2019-06-06T21:34:35","date_gmt":"2019-06-06T21:34:35","guid":{"rendered":"http:\/\/drchicascirujanoplastico.com\/?page_id=196"},"modified":"2019-06-13T22:34:16","modified_gmt":"2019-06-13T22:34:16","slug":"regenerativos","status":"publish","type":"page","link":"http:\/\/drchicascirujanoplastico.com\/en\/regenerativos\/","title":{"rendered":"Regenerativo"},"content":{"rendered":"<div data-elementor-type=\"wp-post\" data-elementor-id=\"196\" class=\"elementor elementor-196\">\n\t\t\t\t\t\t<section class=\"elementor-section elementor-top-section elementor-element elementor-element-caf97a9 elementor-section-full_width elementor-section-height-default elementor-section-height-default\" data-id=\"caf97a9\" data-element_type=\"section\" data-e-type=\"section\">\n\t\t\t\t\t\t<div class=\"elementor-container elementor-column-gap-default\">\n\t\t\t\t\t<div class=\"elementor-column elementor-col-100 elementor-top-column elementor-element elementor-element-8c2d36a\" data-id=\"8c2d36a\" data-element_type=\"column\" data-e-type=\"column\">\n\t\t\t<div class=\"elementor-widget-wrap elementor-element-populated\">\n\t\t\t\t\t\t<div class=\"elementor-element elementor-element-ec499f5 elementor-widget elementor-widget-shortcode\" data-id=\"ec499f5\" data-element_type=\"widget\" data-e-type=\"widget\" data-widget_type=\"shortcode.default\">\n\t\t\t\t<div class=\"elementor-widget-container\">\n\t\t\t\t\t\t\t<div class=\"elementor-shortcode\"><div class=\"pt-cv-wrapper\"><div class=\"pt-cv-view pt-cv-grid pt-cv-colsys\" id=\"pt-cv-view-a771fd8e9l\"><div data-id=\"pt-cv-page-1\" class=\"pt-cv-page\" data-cvc=\"1\"><div class=\"col-md-12 col-sm-12 col-xs-12 pt-cv-content-item pt-cv-2-col\" ><div class='pt-cv-ifield'><a href=\"http:\/\/drchicascirujanoplastico.com\/en\/2019\/06\/13\/cicatrices\/\" class=\"_self pt-cv-href-thumbnail pt-cv-thumb-left\" target=\"_self\" ><img fetchpriority=\"high\" decoding=\"async\" width=\"300\" height=\"168\" src=\"https:\/\/drchicascirujanoplastico.com\/wp-content\/uploads\/2019\/06\/cicatriz-300x168.jpg\" class=\"pt-cv-thumbnail pull-left\" alt=\"\" srcset=\"https:\/\/drchicascirujanoplastico.com\/wp-content\/uploads\/2019\/06\/cicatriz-300x168.jpg 300w, https:\/\/drchicascirujanoplastico.com\/wp-content\/uploads\/2019\/06\/cicatriz-768x429.jpg 768w, https:\/\/drchicascirujanoplastico.com\/wp-content\/uploads\/2019\/06\/cicatriz.jpg 770w\" sizes=\"(max-width: 300px) 100vw, 300px\" \/><\/a>\n<h4 class=\"pt-cv-title\"><a href=\"http:\/\/drchicascirujanoplastico.com\/en\/2019\/06\/13\/cicatrices\/\" class=\"_self\" target=\"_self\" >CICATRICES<\/a><\/h4>\n<div class=\"pt-cv-content\">Las cicatrices son alteraciones permanentes en la piel debidas a un da\u00f1o infligido y se asocian al proceso natural de ...<br \/><div class=\"pt-cv-rmwrap\"><a href=\"http:\/\/drchicascirujanoplastico.com\/en\/2019\/06\/13\/cicatrices\/\" class=\"_self pt-cv-readmore btn btn-success\" target=\"_self\">Leer M\u00e1s<\/a><\/div><\/div><\/div><\/div>\n<div class=\"col-md-12 col-sm-12 col-xs-12 pt-cv-content-item pt-cv-2-col\" ><div class='pt-cv-ifield'><a href=\"http:\/\/drchicascirujanoplastico.com\/en\/2019\/06\/13\/otoplastia\/\" class=\"_self pt-cv-href-thumbnail pt-cv-thumb-left\" target=\"_self\" ><img decoding=\"async\" width=\"300\" height=\"300\" src=\"https:\/\/drchicascirujanoplastico.com\/wp-content\/uploads\/2019\/06\/1-Otoplastia-300x300.jpg\" class=\"pt-cv-thumbnail pull-left\" alt=\"\" srcset=\"https:\/\/drchicascirujanoplastico.com\/wp-content\/uploads\/2019\/06\/1-Otoplastia-300x300.jpg 300w, https:\/\/drchicascirujanoplastico.com\/wp-content\/uploads\/2019\/06\/1-Otoplastia-150x150.jpg 150w, https:\/\/drchicascirujanoplastico.com\/wp-content\/uploads\/2019\/06\/1-Otoplastia-768x768.jpg 768w, https:\/\/drchicascirujanoplastico.com\/wp-content\/uploads\/2019\/06\/1-Otoplastia-1024x1024.jpg 1024w, https:\/\/drchicascirujanoplastico.com\/wp-content\/uploads\/2019\/06\/1-Otoplastia.jpg 1200w\" sizes=\"(max-width: 300px) 100vw, 300px\" \/><\/a>\n<h4 class=\"pt-cv-title\"><a href=\"http:\/\/drchicascirujanoplastico.com\/en\/2019\/06\/13\/otoplastia\/\" class=\"_self\" target=\"_self\" >OTOPLAST\u00edA<\/a><\/h4>\n<div class=\"pt-cv-content\">La\u00a0otoplastia\u00a0es una\u00a0cirug\u00eda\u00a0en la cual se resuelven las deformidades de la\u00a0oreja; estas pueden ser muy variadas desde la ausencia total de ...<br \/><div class=\"pt-cv-rmwrap\"><a href=\"http:\/\/drchicascirujanoplastico.com\/en\/2019\/06\/13\/otoplastia\/\" class=\"_self pt-cv-readmore btn btn-success\" target=\"_self\">Leer M\u00e1s<\/a><\/div><\/div><\/div><\/div>\n<div class=\"col-md-12 col-sm-12 col-xs-12 pt-cv-content-item pt-cv-2-col\" ><div class='pt-cv-ifield'><a href=\"http:\/\/drchicascirujanoplastico.com\/en\/2019\/06\/13\/labio-y-paladar-endido\/\" class=\"_self pt-cv-href-thumbnail pt-cv-thumb-left\" target=\"_self\" ><img decoding=\"async\" width=\"300\" height=\"154\" src=\"https:\/\/drchicascirujanoplastico.com\/wp-content\/uploads\/2019\/06\/leporino1-300x154.jpg\" class=\"pt-cv-thumbnail pull-left\" alt=\"\" srcset=\"https:\/\/drchicascirujanoplastico.com\/wp-content\/uploads\/2019\/06\/leporino1-300x154.jpg 300w, https:\/\/drchicascirujanoplastico.com\/wp-content\/uploads\/2019\/06\/leporino1.jpg 350w\" sizes=\"(max-width: 300px) 100vw, 300px\" \/><\/a>\n<h4 class=\"pt-cv-title\"><a href=\"http:\/\/drchicascirujanoplastico.com\/en\/2019\/06\/13\/labio-y-paladar-endido\/\" class=\"_self\" target=\"_self\" >LABIO Y PALADAR HENDIDO<\/a><\/h4>\n<div class=\"pt-cv-content\">El labio hendido y el paladar hendido son defectos de nacimiento que se producen cuando el labio o la boca ...<br \/><div class=\"pt-cv-rmwrap\"><a href=\"http:\/\/drchicascirujanoplastico.com\/en\/2019\/06\/13\/labio-y-paladar-endido\/\" class=\"_self pt-cv-readmore btn btn-success\" target=\"_self\">Leer M\u00e1s<\/a><\/div><\/div><\/div><\/div>\n<div class=\"col-md-12 col-sm-12 col-xs-12 pt-cv-content-item pt-cv-2-col\" ><div class='pt-cv-ifield'><a href=\"http:\/\/drchicascirujanoplastico.com\/en\/2019\/06\/13\/cancer-de-piel\/\" class=\"_self pt-cv-href-thumbnail pt-cv-thumb-left\" target=\"_self\" ><img loading=\"lazy\" decoding=\"async\" width=\"300\" height=\"233\" src=\"https:\/\/drchicascirujanoplastico.com\/wp-content\/uploads\/2019\/06\/cancep1-300x233.jpg\" class=\"pt-cv-thumbnail pull-left\" alt=\"\" srcset=\"https:\/\/drchicascirujanoplastico.com\/wp-content\/uploads\/2019\/06\/cancep1-300x233.jpg 300w, https:\/\/drchicascirujanoplastico.com\/wp-content\/uploads\/2019\/06\/cancep1.jpg 540w\" sizes=\"(max-width: 300px) 100vw, 300px\" \/><\/a>\n<h4 class=\"pt-cv-title\"><a href=\"http:\/\/drchicascirujanoplastico.com\/en\/2019\/06\/13\/cancer-de-piel\/\" class=\"_self\" target=\"_self\" >CANCER DE PIEL<\/a><\/h4>\n<div class=\"pt-cv-content\">El c\u00e1ncer de piel, que es el crecimiento anormal de c\u00e9lulas cut\u00e1neas, se suele manifestar con mayor frecuencia en la ...<br \/><div class=\"pt-cv-rmwrap\"><a href=\"http:\/\/drchicascirujanoplastico.com\/en\/2019\/06\/13\/cancer-de-piel\/\" class=\"_self pt-cv-readmore btn btn-success\" target=\"_self\">Leer M\u00e1s<\/a><\/div><\/div><\/div><\/div><\/div><\/div><\/div><\/div>\n\t\t\t\t\t\t<\/div>\n\t\t\t\t<\/div>\n\t\t\t\t\t<\/div>\n\t\t<\/div>\n\t\t\t\t\t<\/div>\n\t\t<\/section>\n\t\t\t\t<section class=\"elementor-section elementor-top-section elementor-element elementor-element-35f615f elementor-section-content-middle elementor-reverse-mobile elementor-section-boxed elementor-section-height-default elementor-section-height-default\" data-id=\"35f615f\" data-element_type=\"section\" data-e-type=\"section\" data-settings=\"{&quot;background_background&quot;:&quot;classic&quot;}\">\n\t\t\t\t\t\t<div class=\"elementor-container elementor-column-gap-no\">\n\t\t\t\t\t<div class=\"elementor-column elementor-col-50 elementor-top-column elementor-element elementor-element-7dac87b\" data-id=\"7dac87b\" data-element_type=\"column\" data-e-type=\"column\">\n\t\t\t<div class=\"elementor-widget-wrap elementor-element-populated\">\n\t\t\t\t\t\t<div class=\"elementor-element elementor-element-cf5c0f0 elementor-widget elementor-widget-heading\" data-id=\"cf5c0f0\" data-element_type=\"widget\" data-e-type=\"widget\" data-widget_type=\"heading.default\">\n\t\t\t\t<div class=\"elementor-widget-container\">\n\t\t\t\t\t<h3 class=\"elementor-heading-title elementor-size-default\">Obten el cambio que siempre has deseado<\/h3>\t\t\t\t<\/div>\n\t\t\t\t<\/div>\n\t\t\t\t<div class=\"elementor-element elementor-element-0b7dd7e elementor-widget elementor-widget-text-editor\" data-id=\"0b7dd7e\" data-element_type=\"widget\" data-e-type=\"widget\" data-widget_type=\"text-editor.default\">\n\t\t\t\t<div class=\"elementor-widget-container\">\n\t\t\t\t\t\t\t\t\t<p>Cuidamos de tu salud y tu est\u00e9tica.<\/p>\t\t\t\t\t\t\t\t<\/div>\n\t\t\t\t<\/div>\n\t\t\t\t<div class=\"elementor-element elementor-element-77bcf96 elementor-widget elementor-widget-button\" data-id=\"77bcf96\" data-element_type=\"widget\" data-e-type=\"widget\" data-widget_type=\"button.default\">\n\t\t\t\t<div class=\"elementor-widget-container\">\n\t\t\t\t\t\t\t\t\t<div class=\"elementor-button-wrapper\">\n\t\t\t\t\t<a class=\"elementor-button elementor-button-link elementor-size-sm\" href=\"http:\/\/drchicascirujanoplastico.com\/en\/booking\/\">\n\t\t\t\t\t\t<span class=\"elementor-button-content-wrapper\">\n\t\t\t\t\t\t\t\t\t<span class=\"elementor-button-text\">Cont\u00e1ctanos<\/span>\n\t\t\t\t\t<\/span>\n\t\t\t\t\t<\/a>\n\t\t\t\t<\/div>\n\t\t\t\t\t\t\t\t<\/div>\n\t\t\t\t<\/div>\n\t\t\t\t\t<\/div>\n\t\t<\/div>\n\t\t\t\t<div class=\"elementor-column elementor-col-50 elementor-top-column elementor-element elementor-element-b856f6f\" data-id=\"b856f6f\" data-element_type=\"column\" data-e-type=\"column\">\n\t\t\t<div class=\"elementor-widget-wrap elementor-element-populated\">\n\t\t\t\t\t\t<div class=\"elementor-element elementor-element-2a7bed3 elementor-widget elementor-widget-image\" data-id=\"2a7bed3\" data-element_type=\"widget\" data-e-type=\"widget\" data-widget_type=\"image.default\">\n\t\t\t\t<div class=\"elementor-widget-container\">\n\t\t\t\t\t\t\t\t\t\t\t\t\t\t\t<img loading=\"lazy\" decoding=\"async\" width=\"230\" height=\"219\" src=\"https:\/\/drchicascirujanoplastico.com\/wp-content\/uploads\/2019\/06\/quema.jpg\" class=\"attachment-full size-full wp-image-334\" alt=\"\" \/>\t\t\t\t\t\t\t\t\t\t\t\t\t\t\t<\/div>\n\t\t\t\t<\/div>\n\t\t\t\t\t<\/div>\n\t\t<\/div>\n\t\t\t\t\t<\/div>\n\t\t<\/section>\n\t\t\t\t<\/div>","protected":false},"excerpt":{"rendered":"<p>Obten el cambio que siempre has deseado Cuidamos de tu salud y tu est\u00e9tica. Cont\u00e1ctanos<\/p>","protected":false},"author":1,"featured_media":0,"parent":0,"menu_order":0,"comment_status":"closed","ping_status":"closed","template":"","meta":{"_monsterinsights_skip_tracking":false,"_monsterinsights_sitenote_active":false,"_monsterinsights_sitenote_note":"","_monsterinsights_sitenote_category":0,"neve_meta_sidebar":"","neve_meta_container":"","neve_meta_enable_content_width":"","neve_meta_content_width":0,"neve_meta_title_alignment":"","neve_meta_author_avatar":"","neve_post_elements_order":"","neve_meta_disable_header":"","neve_meta_disable_footer":"","neve_meta_disable_title":"","footnotes":""},"class_list":["post-196","page","type-page","status-publish","hentry"],"_links":{"self":[{"href":"http:\/\/drchicascirujanoplastico.com\/en\/wp-json\/wp\/v2\/pages\/196","targetHints":{"allow":["GET"]}}],"collection":[{"href":"http:\/\/drchicascirujanoplastico.com\/en\/wp-json\/wp\/v2\/pages"}],"about":[{"href":"http:\/\/drchicascirujanoplastico.com\/en\/wp-json\/wp\/v2\/types\/page"}],"author":[{"embeddable":true,"href":"http:\/\/drchicascirujanoplastico.com\/en\/wp-json\/wp\/v2\/users\/1"}],"replies":[{"embeddable":true,"href":"http:\/\/drchicascirujanoplastico.com\/en\/wp-json\/wp\/v2\/comments?post=196"}],"version-history":[{"count":8,"href":"http:\/\/drchicascirujanoplastico.com\/en\/wp-json\/wp\/v2\/pages\/196\/revisions"}],"predecessor-version":[{"id":336,"href":"http:\/\/drchicascirujanoplastico.com\/en\/wp-json\/wp\/v2\/pages\/196\/revisions\/336"}],"wp:attachment":[{"href":"http:\/\/drchicascirujanoplastico.com\/en\/wp-json\/wp\/v2\/media?parent=196"}],"curies":[{"name":"wp","href":"https:\/\/api.w.org\/{rel}","templated":true}]}}