{"id":110,"date":"2019-06-04T14:48:36","date_gmt":"2019-06-04T14:48:36","guid":{"rendered":"http:\/\/drchicascirujanoplastico.com\/?page_id=110"},"modified":"2019-06-06T22:25:33","modified_gmt":"2019-06-06T22:25:33","slug":"cirugias","status":"publish","type":"page","link":"http:\/\/drchicascirujanoplastico.com\/en\/cirugias\/","title":{"rendered":"Surgeries"},"content":{"rendered":"<div data-elementor-type=\"wp-post\" data-elementor-id=\"110\" class=\"elementor elementor-110\">\n\t\t\t\t\t\t<section class=\"elementor-section elementor-top-section elementor-element elementor-element-3dba93f elementor-section-full_width elementor-section-height-default elementor-section-height-default\" data-id=\"3dba93f\" data-element_type=\"section\" data-e-type=\"section\">\n\t\t\t\t\t\t<div class=\"elementor-container elementor-column-gap-default\">\n\t\t\t\t\t<div class=\"elementor-column elementor-col-100 elementor-top-column elementor-element elementor-element-71688bd\" data-id=\"71688bd\" data-element_type=\"column\" data-e-type=\"column\">\n\t\t\t<div class=\"elementor-widget-wrap elementor-element-populated\">\n\t\t\t\t\t\t<div class=\"elementor-element elementor-element-c21a5a9 elementor-widget elementor-widget-shortcode\" data-id=\"c21a5a9\" data-element_type=\"widget\" data-e-type=\"widget\" data-widget_type=\"shortcode.default\">\n\t\t\t\t<div class=\"elementor-widget-container\">\n\t\t\t\t\t\t\t<div class=\"elementor-shortcode\"><div class=\"pt-cv-wrapper\"><div class=\"pt-cv-view pt-cv-grid pt-cv-colsys\" id=\"pt-cv-view-295186eo0y\"><div data-id=\"pt-cv-page-1\" class=\"pt-cv-page\" data-cvc=\"1\"><div class=\"col-md-12 col-sm-6 col-xs-12 pt-cv-content-item pt-cv-2-col\" ><div class='pt-cv-ifield'><a href=\"http:\/\/drchicascirujanoplastico.com\/en\/2024\/06\/06\/camara-hiperbarica\/\" class=\"_self pt-cv-href-thumbnail pt-cv-thumb-left\" target=\"_self\" ><img decoding=\"async\" width=\"150\" height=\"150\" src=\"https:\/\/drchicascirujanoplastico.com\/wp-content\/uploads\/2024\/06\/camara-removebg-preview-150x150.png\" class=\"pt-cv-thumbnail pull-left\" alt=\"\" \/><\/a>\n<h4 class=\"pt-cv-title\"><a href=\"http:\/\/drchicascirujanoplastico.com\/en\/2024\/06\/06\/camara-hiperbarica\/\" class=\"_self\" target=\"_self\" >Hyperbaric Chamber<\/a><\/h4>\n<div class=\"pt-cv-content\">Una c\u00e1mara hiperb\u00e1rica es un dispositivo utilizado para la terapia de ox\u00edgeno hiperb\u00e1rico (TOHB). Este tratamiento implica la inhalaci\u00f3n de ...<br \/><div class=\"pt-cv-rmwrap\"><a href=\"http:\/\/drchicascirujanoplastico.com\/en\/2024\/06\/06\/camara-hiperbarica\/\" class=\"_self pt-cv-readmore btn btn-success\" target=\"_self\">Leer M\u00e1s<\/a><\/div><\/div><\/div><\/div>\n<div class=\"col-md-12 col-sm-6 col-xs-12 pt-cv-content-item pt-cv-2-col\" ><div class='pt-cv-ifield'><a href=\"http:\/\/drchicascirujanoplastico.com\/en\/2020\/07\/02\/rinoplastia\/\" class=\"_self pt-cv-href-thumbnail pt-cv-thumb-left\" target=\"_self\" ><img decoding=\"async\" width=\"150\" height=\"150\" src=\"https:\/\/drchicascirujanoplastico.com\/wp-content\/uploads\/2020\/07\/rinnno-150x150.jpg\" class=\"pt-cv-thumbnail pull-left\" alt=\"\" \/><\/a>\n<h4 class=\"pt-cv-title\"><a href=\"http:\/\/drchicascirujanoplastico.com\/en\/2020\/07\/02\/rinoplastia\/\" class=\"_self\" target=\"_self\" >RHINOPLASTY<\/a><\/h4>\n<div class=\"pt-cv-content\">La nariz es un elemento que da equilibrio y armon\u00eda a la cara. Muchas personas desean hacerse un retoque porque ...<br \/><div class=\"pt-cv-rmwrap\"><a href=\"http:\/\/drchicascirujanoplastico.com\/en\/2020\/07\/02\/rinoplastia\/\" class=\"_self pt-cv-readmore btn btn-success\" target=\"_self\">Leer M\u00e1s<\/a><\/div><\/div><\/div><\/div>\n<div class=\"col-md-12 col-sm-6 col-xs-12 pt-cv-content-item pt-cv-2-col\" ><div class='pt-cv-ifield'><a href=\"http:\/\/drchicascirujanoplastico.com\/en\/2020\/05\/14\/lipo-4d-hd\/\" class=\"_self pt-cv-href-thumbnail pt-cv-thumb-left\" target=\"_self\" ><img decoding=\"async\" width=\"150\" height=\"150\" src=\"https:\/\/drchicascirujanoplastico.com\/wp-content\/uploads\/2020\/05\/640-1409526806793-150x150.jpg\" class=\"pt-cv-thumbnail pull-left\" alt=\"\" \/><\/a>\n<h4 class=\"pt-cv-title\"><a href=\"http:\/\/drchicascirujanoplastico.com\/en\/2020\/05\/14\/lipo-4d-hd\/\" class=\"_self\" target=\"_self\" >LIPO 4D HD<\/a><\/h4>\n<div class=\"pt-cv-content\">La liposucci\u00f3n 4D HD es una t\u00e9cnica avanzada de liposucci\u00f3n que combina la liposucci\u00f3n tradicional con tecnolog\u00edas modernas para lograr ...<br \/><div class=\"pt-cv-rmwrap\"><a href=\"http:\/\/drchicascirujanoplastico.com\/en\/2020\/05\/14\/lipo-4d-hd\/\" class=\"_self pt-cv-readmore btn btn-success\" target=\"_self\">Leer M\u00e1s<\/a><\/div><\/div><\/div><\/div>\n<div class=\"col-md-12 col-sm-6 col-xs-12 pt-cv-content-item pt-cv-2-col\" ><div class='pt-cv-ifield'><a href=\"http:\/\/drchicascirujanoplastico.com\/en\/2019\/06\/13\/mastopexia\/\" class=\"_self pt-cv-href-thumbnail pt-cv-thumb-left\" target=\"_self\" ><img loading=\"lazy\" decoding=\"async\" width=\"150\" height=\"150\" src=\"https:\/\/drchicascirujanoplastico.com\/wp-content\/uploads\/2019\/06\/mam8-150x150.jpg\" class=\"pt-cv-thumbnail pull-left\" alt=\"\" \/><\/a>\n<h4 class=\"pt-cv-title\"><a href=\"http:\/\/drchicascirujanoplastico.com\/en\/2019\/06\/13\/mastopexia\/\" class=\"_self\" target=\"_self\" >MASTOPEXIA<\/a><\/h4>\n<div class=\"pt-cv-content\">El levantamiento de mamas, o mastopexia, es una cirug\u00eda est\u00e9tica para levantar los senos. La cirug\u00eda tambi\u00e9n puede implicar el ...<br \/><div class=\"pt-cv-rmwrap\"><a href=\"http:\/\/drchicascirujanoplastico.com\/en\/2019\/06\/13\/mastopexia\/\" class=\"_self pt-cv-readmore btn btn-success\" target=\"_self\">Leer M\u00e1s<\/a><\/div><\/div><\/div><\/div>\n<div class=\"col-md-12 col-sm-6 col-xs-12 pt-cv-content-item pt-cv-2-col\" ><div class='pt-cv-ifield'><a href=\"http:\/\/drchicascirujanoplastico.com\/en\/2019\/06\/06\/faloplastia-de-aumento\/\" class=\"_self pt-cv-href-thumbnail pt-cv-thumb-left\" target=\"_self\" ><img loading=\"lazy\" decoding=\"async\" width=\"150\" height=\"150\" src=\"https:\/\/drchicascirujanoplastico.com\/wp-content\/uploads\/2019\/06\/53305147d25084a57153f0b830a5a334-150x150.jpg\" class=\"pt-cv-thumbnail pull-left\" alt=\"\" \/><\/a>\n<h4 class=\"pt-cv-title\"><a href=\"http:\/\/drchicascirujanoplastico.com\/en\/2019\/06\/06\/faloplastia-de-aumento\/\" class=\"_self\" target=\"_self\" >Phalloplasty<\/a><\/h4>\n<div class=\"pt-cv-content\">La faloplastia es un procedimiento quir\u00fargico que se realiza para construir o reconstruir un pene. Este procedimiento se realiza con ...<br \/><div class=\"pt-cv-rmwrap\"><a href=\"http:\/\/drchicascirujanoplastico.com\/en\/2019\/06\/06\/faloplastia-de-aumento\/\" class=\"_self pt-cv-readmore btn btn-success\" target=\"_self\">Leer M\u00e1s<\/a><\/div><\/div><\/div><\/div>\n<div class=\"col-md-12 col-sm-6 col-xs-12 pt-cv-content-item pt-cv-2-col\" ><div class='pt-cv-ifield'><a href=\"http:\/\/drchicascirujanoplastico.com\/en\/2019\/06\/06\/ginecomastia\/\" class=\"_self pt-cv-href-thumbnail pt-cv-thumb-left\" target=\"_self\" ><img loading=\"lazy\" decoding=\"async\" width=\"150\" height=\"150\" src=\"https:\/\/drchicascirujanoplastico.com\/wp-content\/uploads\/2019\/06\/ginecomastia_clinica-sanza-150x150.jpg\" class=\"pt-cv-thumbnail pull-left\" alt=\"\" \/><\/a>\n<h4 class=\"pt-cv-title\"><a href=\"http:\/\/drchicascirujanoplastico.com\/en\/2019\/06\/06\/ginecomastia\/\" class=\"_self\" target=\"_self\" >GINECOMAST\u00edA<\/a><\/h4>\n<div class=\"pt-cv-content\">Es el agrandamiento de los pechos en los ni\u00f1os u hombres debido a un aumento benigno (no canceroso) del tejido ...<br \/><div class=\"pt-cv-rmwrap\"><a href=\"http:\/\/drchicascirujanoplastico.com\/en\/2019\/06\/06\/ginecomastia\/\" class=\"_self pt-cv-readmore btn btn-success\" target=\"_self\">Leer M\u00e1s<\/a><\/div><\/div><\/div><\/div>\n<div class=\"col-md-12 col-sm-6 col-xs-12 pt-cv-content-item pt-cv-2-col\" ><div class='pt-cv-ifield'><a href=\"http:\/\/drchicascirujanoplastico.com\/en\/2019\/06\/04\/estiramiento-facial-lifting-facial\/\" class=\"_self pt-cv-href-thumbnail pt-cv-thumb-left\" target=\"_self\" ><img loading=\"lazy\" decoding=\"async\" width=\"150\" height=\"150\" src=\"https:\/\/drchicascirujanoplastico.com\/wp-content\/uploads\/2019\/06\/lifting-150x150.jpg\" class=\"pt-cv-thumbnail pull-left\" alt=\"\" srcset=\"https:\/\/drchicascirujanoplastico.com\/wp-content\/uploads\/2019\/06\/lifting-150x150.jpg 150w, https:\/\/drchicascirujanoplastico.com\/wp-content\/uploads\/2019\/06\/lifting-300x300.jpg 300w, https:\/\/drchicascirujanoplastico.com\/wp-content\/uploads\/2019\/06\/lifting-768x768.jpg 768w, https:\/\/drchicascirujanoplastico.com\/wp-content\/uploads\/2019\/06\/lifting.jpg 960w\" sizes=\"(max-width: 150px) 100vw, 150px\" \/><\/a>\n<h4 class=\"pt-cv-title\"><a href=\"http:\/\/drchicascirujanoplastico.com\/en\/2019\/06\/04\/estiramiento-facial-lifting-facial\/\" class=\"_self\" target=\"_self\" >ESTIRAMIENTO FACIAL (LIFTING FACIAL)<\/a><\/h4>\n<div class=\"pt-cv-content\">Este tipo de cirug\u00eda se realiza para dar un rejuvenecimiento facial, realizando ciertas t\u00e9cnicas que levantan y reafirman lo que ...<br \/><div class=\"pt-cv-rmwrap\"><a href=\"http:\/\/drchicascirujanoplastico.com\/en\/2019\/06\/04\/estiramiento-facial-lifting-facial\/\" class=\"_self pt-cv-readmore btn btn-success\" target=\"_self\">Leer M\u00e1s<\/a><\/div><\/div><\/div><\/div>\n<div class=\"col-md-12 col-sm-6 col-xs-12 pt-cv-content-item pt-cv-2-col\" ><div class='pt-cv-ifield'><a href=\"http:\/\/drchicascirujanoplastico.com\/en\/2019\/06\/04\/aumento-mamario\/\" class=\"_self pt-cv-href-thumbnail pt-cv-thumb-left\" target=\"_self\" ><img loading=\"lazy\" decoding=\"async\" width=\"150\" height=\"150\" src=\"https:\/\/drchicascirujanoplastico.com\/wp-content\/uploads\/2019\/06\/shutterstock_181634801-150x150.jpg\" class=\"pt-cv-thumbnail pull-left\" alt=\"\" \/><\/a>\n<h4 class=\"pt-cv-title\"><a href=\"http:\/\/drchicascirujanoplastico.com\/en\/2019\/06\/04\/aumento-mamario\/\" class=\"_self\" target=\"_self\" >AUMENTO MAMARIO<\/a><\/h4>\n<div class=\"pt-cv-content\">El objetivo principal de la cirug\u00eda es lograr un busto atractivo y adecuadamente proporcionado que logre una mejora importante en ...<br \/><div class=\"pt-cv-rmwrap\"><a href=\"http:\/\/drchicascirujanoplastico.com\/en\/2019\/06\/04\/aumento-mamario\/\" class=\"_self pt-cv-readmore btn btn-success\" target=\"_self\">Leer M\u00e1s<\/a><\/div><\/div><\/div><\/div>\n<div class=\"col-md-12 col-sm-6 col-xs-12 pt-cv-content-item pt-cv-2-col\" ><div class='pt-cv-ifield'><a href=\"http:\/\/drchicascirujanoplastico.com\/en\/2019\/06\/04\/cirugia-de-gluteos\/\" class=\"_self pt-cv-href-thumbnail pt-cv-thumb-left\" target=\"_self\" ><img loading=\"lazy\" decoding=\"async\" width=\"150\" height=\"150\" src=\"https:\/\/drchicascirujanoplastico.com\/wp-content\/uploads\/2019\/05\/GLUTEOS-150x150.jpg\" class=\"pt-cv-thumbnail pull-left\" alt=\"\" \/><\/a>\n<h4 class=\"pt-cv-title\"><a href=\"http:\/\/drchicascirujanoplastico.com\/en\/2019\/06\/04\/cirugia-de-gluteos\/\" class=\"_self\" target=\"_self\" >CIRUG\u00cdA DE GLUTEOS<\/a><\/h4>\n<div class=\"pt-cv-content\">La cirug\u00eda pl\u00e1stica de Gl\u00fateos incluye la colocaci\u00f3n de implantes espec\u00edficos de gl\u00fateo, para mejorar volumen y proyecci\u00f3n. Tambi\u00e9n se ...<br \/><div class=\"pt-cv-rmwrap\"><a href=\"http:\/\/drchicascirujanoplastico.com\/en\/2019\/06\/04\/cirugia-de-gluteos\/\" class=\"_self pt-cv-readmore btn btn-success\" target=\"_self\">Leer M\u00e1s<\/a><\/div><\/div><\/div><\/div>\n<div class=\"col-md-12 col-sm-6 col-xs-12 pt-cv-content-item pt-cv-2-col\" ><div class='pt-cv-ifield'><a href=\"http:\/\/drchicascirujanoplastico.com\/en\/2019\/06\/04\/abdominoplastia\/\" class=\"_self pt-cv-href-thumbnail pt-cv-thumb-left\" target=\"_self\" ><img loading=\"lazy\" decoding=\"async\" width=\"150\" height=\"150\" src=\"https:\/\/drchicascirujanoplastico.com\/wp-content\/uploads\/2019\/06\/abdominoplastia-blog-150x150.jpg\" class=\"pt-cv-thumbnail pull-left\" alt=\"\" \/><\/a>\n<h4 class=\"pt-cv-title\"><a href=\"http:\/\/drchicascirujanoplastico.com\/en\/2019\/06\/04\/abdominoplastia\/\" class=\"_self\" target=\"_self\" >ABDOMINOPLASTIA<\/a><\/h4>\n<div class=\"pt-cv-content\">La cirug\u00eda est\u00e9tica del abdomen consiste en una remodelaci\u00f3n del abdomen y cintura, corrigiendo la separaci\u00f3n causada por el debilitamiento ...<br \/><div class=\"pt-cv-rmwrap\"><a href=\"http:\/\/drchicascirujanoplastico.com\/en\/2019\/06\/04\/abdominoplastia\/\" class=\"_self pt-cv-readmore btn btn-success\" target=\"_self\">Leer M\u00e1s<\/a><\/div><\/div><\/div><\/div><\/div><\/div><\/div><\/div>\n\t\t\t\t\t\t<\/div>\n\t\t\t\t<\/div>\n\t\t\t\t\t<\/div>\n\t\t<\/div>\n\t\t\t\t\t<\/div>\n\t\t<\/section>\n\t\t\t\t<section class=\"elementor-section elementor-top-section elementor-element elementor-element-7867f86 elementor-section-boxed elementor-section-height-default elementor-section-height-default\" data-id=\"7867f86\" data-element_type=\"section\" data-e-type=\"section\">\n\t\t\t\t\t\t<div class=\"elementor-container elementor-column-gap-default\">\n\t\t\t\t\t<div class=\"elementor-column elementor-col-100 elementor-top-column elementor-element elementor-element-f6a1f56\" data-id=\"f6a1f56\" data-element_type=\"column\" data-e-type=\"column\">\n\t\t\t<div class=\"elementor-widget-wrap\">\n\t\t\t\t\t\t\t<\/div>\n\t\t<\/div>\n\t\t\t\t\t<\/div>\n\t\t<\/section>\n\t\t\t\t<section class=\"elementor-section elementor-top-section elementor-element elementor-element-0567416 elementor-section-content-middle elementor-reverse-mobile elementor-section-boxed elementor-section-height-default elementor-section-height-default\" data-id=\"0567416\" data-element_type=\"section\" data-e-type=\"section\" data-settings=\"{&quot;background_background&quot;:&quot;classic&quot;}\">\n\t\t\t\t\t\t<div class=\"elementor-container elementor-column-gap-no\">\n\t\t\t\t\t<div class=\"elementor-column elementor-col-50 elementor-top-column elementor-element elementor-element-aa7b90e\" data-id=\"aa7b90e\" data-element_type=\"column\" data-e-type=\"column\">\n\t\t\t<div class=\"elementor-widget-wrap elementor-element-populated\">\n\t\t\t\t\t\t<div class=\"elementor-element elementor-element-4c4c406 elementor-widget elementor-widget-heading\" data-id=\"4c4c406\" data-element_type=\"widget\" data-e-type=\"widget\" data-widget_type=\"heading.default\">\n\t\t\t\t<div class=\"elementor-widget-container\">\n\t\t\t\t\t<h3 class=\"elementor-heading-title elementor-size-default\">Looking and feeling good is within your reach<\/h3>\t\t\t\t<\/div>\n\t\t\t\t<\/div>\n\t\t\t\t<div class=\"elementor-element elementor-element-30743d5 elementor-widget elementor-widget-text-editor\" data-id=\"30743d5\" data-element_type=\"widget\" data-e-type=\"widget\" data-widget_type=\"text-editor.default\">\n\t\t\t\t<div class=\"elementor-widget-container\">\n\t\t\t\t\t\t\t\t\t<p>What you have always wanted, we make it come true, ask us.<\/p>\t\t\t\t\t\t\t\t<\/div>\n\t\t\t\t<\/div>\n\t\t\t\t\t<\/div>\n\t\t<\/div>\n\t\t\t\t<div class=\"elementor-column elementor-col-50 elementor-top-column elementor-element elementor-element-fa77d30\" data-id=\"fa77d30\" data-element_type=\"column\" data-e-type=\"column\">\n\t\t\t<div class=\"elementor-widget-wrap elementor-element-populated\">\n\t\t\t\t\t\t<div class=\"elementor-element elementor-element-d2367a3 elementor-widget elementor-widget-image\" data-id=\"d2367a3\" data-element_type=\"widget\" data-e-type=\"widget\" data-widget_type=\"image.default\">\n\t\t\t\t<div class=\"elementor-widget-container\">\n\t\t\t\t\t\t\t\t\t\t\t\t\t\t\t<img loading=\"lazy\" decoding=\"async\" width=\"400\" height=\"400\" src=\"https:\/\/drchicascirujanoplastico.com\/wp-content\/uploads\/2019\/05\/lifting-facial1.jpg\" class=\"attachment-full size-full wp-image-66\" alt=\"\" srcset=\"https:\/\/drchicascirujanoplastico.com\/wp-content\/uploads\/2019\/05\/lifting-facial1.jpg 400w, https:\/\/drchicascirujanoplastico.com\/wp-content\/uploads\/2019\/05\/lifting-facial1-150x150.jpg 150w, https:\/\/drchicascirujanoplastico.com\/wp-content\/uploads\/2019\/05\/lifting-facial1-300x300.jpg 300w\" sizes=\"(max-width: 400px) 100vw, 400px\" \/>\t\t\t\t\t\t\t\t\t\t\t\t\t\t\t<\/div>\n\t\t\t\t<\/div>\n\t\t\t\t\t<\/div>\n\t\t<\/div>\n\t\t\t\t\t<\/div>\n\t\t<\/section>\n\t\t\t\t<\/div>","protected":false},"excerpt":{"rendered":"<p>Verte y sentirte bien esta a tu alcance Lo que siempre has deseado nosotros lo hacemos realidad, consultanos.<\/p>","protected":false},"author":1,"featured_media":0,"parent":0,"menu_order":0,"comment_status":"closed","ping_status":"closed","template":"","meta":{"_monsterinsights_skip_tracking":false,"_monsterinsights_sitenote_active":false,"_monsterinsights_sitenote_note":"","_monsterinsights_sitenote_category":0,"neve_meta_sidebar":"","neve_meta_container":"","neve_meta_enable_content_width":"","neve_meta_content_width":0,"neve_meta_title_alignment":"","neve_meta_author_avatar":"","neve_post_elements_order":"","neve_meta_disable_header":"","neve_meta_disable_footer":"","neve_meta_disable_title":"","footnotes":""},"class_list":["post-110","page","type-page","status-publish","hentry"],"_links":{"self":[{"href":"http:\/\/drchicascirujanoplastico.com\/en\/wp-json\/wp\/v2\/pages\/110","targetHints":{"allow":["GET"]}}],"collection":[{"href":"http:\/\/drchicascirujanoplastico.com\/en\/wp-json\/wp\/v2\/pages"}],"about":[{"href":"http:\/\/drchicascirujanoplastico.com\/en\/wp-json\/wp\/v2\/types\/page"}],"author":[{"embeddable":true,"href":"http:\/\/drchicascirujanoplastico.com\/en\/wp-json\/wp\/v2\/users\/1"}],"replies":[{"embeddable":true,"href":"http:\/\/drchicascirujanoplastico.com\/en\/wp-json\/wp\/v2\/comments?post=110"}],"version-history":[{"count":5,"href":"http:\/\/drchicascirujanoplastico.com\/en\/wp-json\/wp\/v2\/pages\/110\/revisions"}],"predecessor-version":[{"id":223,"href":"http:\/\/drchicascirujanoplastico.com\/en\/wp-json\/wp\/v2\/pages\/110\/revisions\/223"}],"wp:attachment":[{"href":"http:\/\/drchicascirujanoplastico.com\/en\/wp-json\/wp\/v2\/media?parent=110"}],"curies":[{"name":"wp","href":"https:\/\/api.w.org\/{rel}","templated":true}]}}